{"id":860,"date":"2014-02-17T13:54:24","date_gmt":"2014-02-17T12:54:24","guid":{"rendered":"http:\/\/www.verwoehnpunkt.de\/?page_id=860"},"modified":"2026-04-22T09:17:12","modified_gmt":"2026-04-22T07:17:12","slug":"kundenbewertungen","status":"publish","type":"page","link":"https:\/\/www.verwoehnpunkt.de\/?page_id=860","title":{"rendered":"Meinungen der G\u00e4ste"},"content":{"rendered":"<p>&nbsp;<\/p>\n<p><span style=\"color: #003300;\"><strong>Name: Stefanie W. \u00a0<\/strong>Ich hatte an meinem ersten Urlaubstag eine Ganzk\u00f6rpermassage bei Frau Naumann und besser h\u00e4tte der Urlaub nicht starten k\u00f6nnen. Die freundliche Art, das Ambiente und die Massage waren wundervoll und ich freue mich, wieder zu kommen. <\/span><\/p>\n<p><span style=\"color: #003300;\"><strong>Name: Monika Jozwiak.<\/strong> \u00a0Es war der Traum! Nach einem hektischen Arbeitstag kam ich sofort zur Ruhe! Das geschmackvolle Ambiente- einfach unglaublich!- Danke nochmals f\u00fcr die erholsamen Minuten. Monika Jozwiak<\/span><\/p>\n<p><span style=\"color: #003300;\"><strong>Name: Michelle. \u00a0<\/strong>Ein herzliches Dankesch\u00f6n noch einmal, an Frau Naumann. Hatte heute meine Aromamassage &#8211; 45 Minuten. Kam ziemlich gestresst bei ihr an und das miese Wetter tat sein \u00fcbriges.Ich betrat ihre R\u00e4ume ,wurde sehr herzlich empfangen,mit einem wohlschmeckenden Tee-bevor es dann auf einer vorgew\u00e4rmten Liege zur Massage ging. Es war sehr entspannend und leise Musik dazu&#8230;und dazu die &#8222;goldenen H\u00e4nde&#8220;von Susanne Naumann &#8211; g\u00f6ttlich Alles in einem sehr zu empfehlen!! Alles Liebe Michelle<\/span><\/p>\n<p><span style=\"color: #003300;\"><strong>Name: Carolin W.<\/strong><\/span><br \/>\n<span style=\"color: #001f00;\"> Vor nun einem Monat waren mein Partner und ich zur &#8222;Romantischen Zeit zu Zweit&#8220; bei Frau Neumann. Die Massage <span style=\"color: #003300;\">war f\u00fcr uns zwei wunderbar und herrlich entspannend. Das angebotene Obst war k\u00f6stlich und wir haben uns so richtig verw\u00f6hnen lassen. Auch das mitgegebene Massage\u00f6l ist gro\u00dfartig und wir nutzen es regelm\u00e4\u00dfig. Wir werden definitiv wieder einen Termin bei Frau Neumann machen!<\/span><\/span><\/p>\n<p style=\"text-align: justify;\"><span style=\"color: #003300;\"><strong>Name:KatIN<\/strong>\u00a0\u00a0\u00a0\u00a0\u00a0\u00a0\u00a0\u00a0\u00a0\u00a0\u00a0\u00a0\u00a0\u00a0\u00a0\u00a0\u00a0\u00a0\u00a0\u00a0\u00a0\u00a0\u00a0\u00a0\u00a0\u00a0\u00a0\u00a0\u00a0\u00a0\u00a0\u00a0\u00a0\u00a0\u00a0\u00a0\u00a0\u00a0\u00a0\u00a0\u00a0\u00a0\u00a0\u00a0\u00a0\u00a0\u00a0\u00a0\u00a0\u00a0\u00a0\u00a0\u00a0\u00a0\u00a0\u00a0\u00a0\u00a0\u00a0\u00a0\u00a0\u00a0\u00a0\u00a0\u00a0\u00a0\u00a0\u00a0\u00a0\u00a0\u00a0\u00a0\u00a0\u00a0\u00a0\u00a0\u00a0\u00a0\u00a0\u00a0\u00a0\u00a0\u00a0\u00a0\u00a0\u00a0\u00a0\u00a0\u00a0\u00a0\u00a0\u00a0\u00a0\u00a0\u00a0\u00a0\u00a0\u00a0\u00a0\u00a0\u00a0\u00a0\u00a0\u00a0\u00a0\u00a0\u00a0\u00a0\u00a0\u00a0\u00a0\u00a0\u00a0\u00a0\u00a0\u00a0\u00a0\u00a0\u00a0\u00a0\u00a0\u00a0\u00a0\u00a0\u00a0 Ich habe bald meinen ersten Termin bei Frau Naumann und bin schon sehr gespannt :-). Die Website und die vielen positiven Beitr\u00e4ge hier haben mich schon \u00fcberzeugt. Es wird sicher ein sehr sch\u00f6nes wohltuendes Erlebnis werden.<\/span><\/p>\n<p style=\"text-align: justify;\"><span style=\"color: #003300;\"><strong>Name:R\u00fcdiger<\/strong>, Sch\u00f6ne Webseite &#8211; da f\u00fchlt man sich ja schon beim Informieren entspannt &#8211; so etwas sieht man selten! Ganz liebe Gr\u00fc\u00dfe!\u00a0<\/span><\/p>\n<p style=\"text-align: justify;\"><span style=\"color: #003300;\"><strong>Name:Alexandra B<\/strong>., Ich freue mich schon riesig auf meinen heutigen Kosmetiktermin <img decoding=\"async\" class=\"wp-smiley\" src=\"http:\/\/1.2.3.11\/bmi\/www.verwoehnpunkt.de\/wp-includes\/images\/smilies\/icon_wink.gif\" alt=\";-)\" \/>Hier passt einfach alles zusammen. Diese Atmosph\u00e4re, die Hingabe von Frau Naumann, die angenehme und wohltuende Behandlung &#8230; daf\u00fcr findet man kaum Worte! Das ist alles so unbeschreiblich wunderbar. Man wird wie eine K\u00f6nigin verw\u00f6hnt!!!Liebe Gr\u00fc\u00dfe<\/span><\/p>\n<p style=\"text-align: justify;\"><span style=\"color: #001f00;\"><strong>Name:M.Kretschmer\u00a0\u00a0\u00a0\u00a0<\/strong>\u00a0\u00a0\u00a0\u00a0\u00a0\u00a0\u00a0\u00a0\u00a0\u00a0\u00a0\u00a0\u00a0\u00a0\u00a0\u00a0\u00a0\u00a0\u00a0\u00a0\u00a0\u00a0\u00a0\u00a0\u00a0\u00a0\u00a0\u00a0\u00a0\u00a0\u00a0\u00a0\u00a0\u00a0\u00a0\u00a0\u00a0\u00a0\u00a0\u00a0\u00a0\u00a0\u00a0\u00a0\u00a0\u00a0\u00a0\u00a0\u00a0\u00a0\u00a0\u00a0\u00a0\u00a0\u00a0\u00a0\u00a0\u00a0\u00a0\u00a0\u00a0\u00a0\u00a0\u00a0\u00a0\u00a0\u00a0\u00a0\u00a0\u00a0\u00a0\u00a0\u00a0\u00a0\u00a0\u00a0\u00a0\u00a0\u00a0\u00a0\u00a0\u00a0\u00a0\u00a0\u00a0\u00a0\u00a0\u00a0\u00a0\u00a0\u00a0\u00a0\u00a0\u00a0\u00a0\u00a0\u00a0\u00a0\u00a0\u00a0\u00a0\u00a0\u00a0\u00a0\u00a0\u00a0\u00a0\u00a0\u00a0\u00a0\u00a0\u00a0\u00a0\u00a0\u00a0\u00a0\u00a0\u00a0\u00a0\u00a0\u00a0\u00a0\u00a0\u00a0\u00a0\u00a0\u00a0\u00a0\u00a0\u00a0\u00a0\u00a0\u00a0\u00a0\u00a0\u00a0\u00a0\u00a0\u00a0\u00a0\u00a0\u00a0\u00a0\u00a0\u00a0\u00a0\u00a0\u00a0\u00a0\u00a0\u00a0\u00a0\u00a0\u00a0\u00a0\u00a0\u00a0\u00a0\u00a0\u00a0\u00a0\u00a0\u00a0\u00a0\u00a0 <span style=\"color: #003300;\">Der monatliche Termin bei Susanne Naumann ist f\u00fcr mich der Verw\u00f6hn-Termin wie ich ihn mir w\u00fcnsche. Eintreten in die R\u00e4ume &#8230; gleich angekommen sein &#8230; auf Wolken gebettet werden &#8230; und dann nur noch gut tun lassen. Oh ja!!! Und vielen Dank f\u00fcr jedes einzelne Mal.<\/span><\/span><br \/>\n<span style=\"color: #003300;\"> Seit der Er\u00f6ffnung des Verw\u00f6hnpunktes genie\u00dfe ich diese wunderbaren Angebote. Ich freue mich schon auf den n\u00e4chsten Kurzurlaub in der Oase des Verw\u00f6hnens. Internetseite: www.blickart-online.de<\/span><\/p>\n<p style=\"text-align: justify;\"><span style=\"color: #003300;\"><strong>Name:Schr\u00f6der\u00a0\u00a0\u00a0<\/strong>\u00a0\u00a0\u00a0\u00a0\u00a0\u00a0\u00a0\u00a0\u00a0\u00a0\u00a0\u00a0\u00a0\u00a0\u00a0\u00a0\u00a0\u00a0\u00a0\u00a0\u00a0\u00a0\u00a0\u00a0\u00a0\u00a0\u00a0\u00a0\u00a0\u00a0\u00a0\u00a0\u00a0\u00a0\u00a0\u00a0\u00a0\u00a0\u00a0\u00a0\u00a0\u00a0\u00a0\u00a0\u00a0\u00a0\u00a0\u00a0\u00a0\u00a0\u00a0\u00a0\u00a0\u00a0\u00a0\u00a0\u00a0\u00a0\u00a0\u00a0\u00a0\u00a0\u00a0\u00a0\u00a0\u00a0\u00a0\u00a0\u00a0\u00a0\u00a0\u00a0\u00a0\u00a0\u00a0\u00a0\u00a0\u00a0\u00a0\u00a0\u00a0\u00a0\u00a0\u00a0\u00a0\u00a0\u00a0\u00a0\u00a0\u00a0\u00a0\u00a0\u00a0\u00a0\u00a0\u00a0\u00a0\u00a0\u00a0\u00a0\u00a0\u00a0\u00a0\u00a0\u00a0\u00a0\u00a0\u00a0\u00a0\u00a0\u00a0\u00a0\u00a0\u00a0 Es ist f\u00fcr mich immer wieder ein Genu\u00df! Schon bei der Terminvereinbarung freue ich mich auf die angenehme Atmosph\u00e4re, das wundervolle Verw\u00f6hntwerden w\u00e4hrend der Kosmetikbehandlung&#8230;<\/span><br \/>\n<span style=\"color: #003300;\"> Es ist alles so stimmig f\u00fcr mich! Ich danke Ihnen f\u00fcr die sch\u00f6ne Verw\u00f6hnzeit, es ist f\u00fcr mich ein Ausstieg aus dem Stress des Alltags.<\/span><br \/>\n<span style=\"color: #003300;\"> F\u00fcr Sie ist es nicht nur ein Beruf sondern eine Berufung.<\/span><\/p>\n<p style=\"text-align: justify;\"><span style=\"color: #003300;\"><strong>Name:Siemon\u00a0\u00a0\u00a0\u00a0<\/strong> \u00a0\u00a0\u00a0\u00a0\u00a0\u00a0\u00a0\u00a0\u00a0\u00a0\u00a0\u00a0\u00a0\u00a0\u00a0\u00a0\u00a0\u00a0\u00a0\u00a0\u00a0\u00a0\u00a0\u00a0\u00a0\u00a0\u00a0\u00a0\u00a0\u00a0\u00a0\u00a0\u00a0\u00a0\u00a0\u00a0\u00a0\u00a0\u00a0\u00a0\u00a0\u00a0\u00a0\u00a0\u00a0\u00a0\u00a0\u00a0\u00a0\u00a0\u00a0\u00a0\u00a0\u00a0\u00a0\u00a0\u00a0\u00a0\u00a0\u00a0\u00a0\u00a0\u00a0\u00a0\u00a0\u00a0\u00a0\u00a0\u00a0\u00a0\u00a0\u00a0\u00a0\u00a0\u00a0\u00a0\u00a0\u00a0\u00a0\u00a0\u00a0\u00a0\u00a0\u00a0\u00a0\u00a0\u00a0\u00a0\u00a0\u00a0\u00a0\u00a0\u00a0\u00a0\u00a0\u00a0\u00a0\u00a0\u00a0\u00a0\u00a0\u00a0\u00a0\u00a0\u00a0\u00a0\u00a0\u00a0\u00a0\u00a0\u00a0\u00a0\u00a0\u00a0\u00a0\u00a0\u00a0\u00a0\u00a0\u00a0\u00a0\u00a0\u00a0\u00a0\u00a0\u00a0\u00a0\u00a0\u00a0\u00a0\u00a0\u00a0\u00a0\u00a0\u00a0\u00a0\u00a0\u00a0\u00a0\u00a0\u00a0\u00a0\u00a0\u00a0\u00a0\u00a0\u00a0\u00a0\u00a0\u00a0\u00a0\u00a0\u00a0\u00a0\u00a0\u00a0\u00a0\u00a0\u00a0\u00a0\u00a0\u00a0\u00a0\u00a0\u00a0\u00a0\u00a0\u00a0\u00a0\u00a0\u00a0\u00a0\u00a0\u00a0\u00a0\u00a0\u00a0\u00a0\u00a0\u00a0\u00a0\u00a0\u00a0\u00a0\u00a0\u00a0\u00a0\u00a0\u00a0\u00a0\u00a0\u00a0 Durch Zufall hier gelandet und umso \u00fcberraschter! Tolle Homepage!! Daf\u00fcr ein dickes Lob! Gr\u00fc\u00dfe!\u00a0<\/span><\/p>\n<p style=\"text-align: justify;\"><span style=\"color: #003300;\"><strong>Name:Julia\u00a0\u00a0<\/strong>\u00a0\u00a0\u00a0\u00a0\u00a0\u00a0\u00a0\u00a0\u00a0\u00a0\u00a0\u00a0\u00a0\u00a0\u00a0\u00a0\u00a0\u00a0\u00a0\u00a0\u00a0\u00a0\u00a0\u00a0\u00a0\u00a0\u00a0\u00a0\u00a0\u00a0\u00a0\u00a0\u00a0\u00a0\u00a0\u00a0\u00a0\u00a0\u00a0\u00a0\u00a0\u00a0\u00a0\u00a0\u00a0\u00a0\u00a0\u00a0\u00a0\u00a0\u00a0\u00a0\u00a0\u00a0\u00a0\u00a0\u00a0\u00a0\u00a0\u00a0\u00a0\u00a0\u00a0\u00a0\u00a0\u00a0\u00a0\u00a0\u00a0\u00a0\u00a0\u00a0\u00a0\u00a0\u00a0\u00a0\u00a0\u00a0\u00a0\u00a0\u00a0\u00a0\u00a0\u00a0\u00a0\u00a0\u00a0\u00a0\u00a0\u00a0\u00a0\u00a0\u00a0\u00a0\u00a0\u00a0\u00a0\u00a0\u00a0\u00a0\u00a0\u00a0\u00a0\u00a0\u00a0\u00a0\u00a0\u00a0\u00a0\u00a0\u00a0\u00a0\u00a0\u00a0\u00a0\u00a0\u00a0\u00a0\u00a0\u00a0\u00a0\u00a0\u00a0\u00a0\u00a0\u00a0 Ein Besuch im Verw\u00f6hnpunkt ist jedesmal wie ein kleiner, feiner Urlaub. Andere m\u00fcssen weit reisen, um Abstand zum Alltag zu gewinnen, loszulassen und sich zu entspannen &#8211; mir reicht ein Termin bei Frau Naumann.<\/span><\/p>\n<p style=\"text-align: justify;\"><span style=\"color: #003300;\"><strong>Name:P.Baars<\/strong>, Das war sooo sch\u00f6n! Und sicher werde ich mir das \u00f6fter g\u00f6nnen. Es passt einfach alles so wunderbar zusammen: der besondere Tee &#8211; als Einstimmung auf das ber\u00fchrende Erlebnis: die sanfte Musik, die mich noch schneller entspannen lie\u00df: das einladende Ambiente &#8211; es entf\u00fchrte mich in eine andere Welt,vom Alltag losgel\u00f6st; und nat\u00fcrlich die herrlich beruhigende Massage mit Naturkosmetik. Meine Haut f\u00fchlte sich samtweich an und sah gesund und rosig aus. Dankesch\u00f6n!<\/span><\/p>\n<p style=\"text-align: justify;\"><span style=\"color: #003300;\"><strong>Name:Juliane<\/strong>, Liebe Frau Naumann, um Entspannung zu finden sind Ihre Behandlungen und sch\u00f6nen R\u00e4umlichkeiten das Richtige. Es ist einfach nur sch\u00f6n &amp; man befindet sich bei der Behandlung in einer tiefen mentalen Entspannung. Vielen lieben Dank und ich hoffe bis bald.<\/span><br \/>\n<span style=\"color: #003300;\"> LG Juliane Lange<\/span><\/p>\n<p style=\"text-align: justify;\"><span style=\"color: #003300;\"><strong>Name:M. Gust<\/strong>, Beim ersten Besuch im &#8222;Verw\u00f6hnpunkt&#8220; f\u00fchlt man sich sofort wohl, ob es die warme gr\u00fcne Farbe, die geschmackvoll eingerichteten R\u00e4ume, die angenehme Musik ist, es ist einfach eine tolle Atmosph\u00e4re &#8211; dabei hat man noch gar keine Leistungen in Anspruch genommen, die sind einfach nur wunderbar, man kann es nur jedem empfehlen und man kommt bestimmt immer wieder, so wie ich.<\/span><\/p>\n<table style=\"margin: 0px; padding: 0px; border: 1px; height: 67px;\" border=\"0\" width=\"94\" cellspacing=\"0\" cellpadding=\"0\">\n<tbody>\n<tr>\n<td class=\"css_post_header1\"><span style=\"color: #001f00;\">\u00a0<\/span><\/td>\n<td style=\"width: 1px;\"><span style=\"color: #001f00;\">\u00a0<\/span><\/td>\n<td class=\"css_post_header2\"><\/td>\n<td class=\"css_post_header3\"><span style=\"color: #001f00;\">\u00a0<\/span><\/td>\n<\/tr>\n<\/tbody>\n<\/table>\n<p style=\"text-align: justify;\"><span style=\"color: #4b3106;\">\u00a0<\/span><\/p>\n<p style=\"text-align: justify;\"><span style=\"color: #4b3106;\">\u00a0<\/span><\/p>\n","protected":false},"excerpt":{"rendered":"<p>&nbsp; Name: Stefanie W. \u00a0Ich hatte an meinem ersten Urlaubstag eine Ganzk\u00f6rpermassage bei Frau Naumann und besser h\u00e4tte der Urlaub nicht starten k\u00f6nnen. Die freundliche Art, das Ambiente und die Massage waren wundervoll und ich freue mich, wieder zu kommen. Name: Monika Jozwiak. \u00a0Es war der Traum! Nach einem hektischen Arbeitstag kam ich sofort zur &#038;hellip <a class=\"read-excerpt\" href=\"https:\/\/www.verwoehnpunkt.de\/?page_id=860\">Continue reading <span class=\"meta-nav\">&raquo;<\/span><\/a><\/p>\n","protected":false},"author":1,"featured_media":0,"parent":0,"menu_order":0,"comment_status":"open","ping_status":"open","template":"","meta":{"footnotes":""},"class_list":["post-860","page","type-page","status-publish","hentry"],"_links":{"self":[{"href":"https:\/\/www.verwoehnpunkt.de\/index.php?rest_route=\/wp\/v2\/pages\/860","targetHints":{"allow":["GET"]}}],"collection":[{"href":"https:\/\/www.verwoehnpunkt.de\/index.php?rest_route=\/wp\/v2\/pages"}],"about":[{"href":"https:\/\/www.verwoehnpunkt.de\/index.php?rest_route=\/wp\/v2\/types\/page"}],"author":[{"embeddable":true,"href":"https:\/\/www.verwoehnpunkt.de\/index.php?rest_route=\/wp\/v2\/users\/1"}],"replies":[{"embeddable":true,"href":"https:\/\/www.verwoehnpunkt.de\/index.php?rest_route=%2Fwp%2Fv2%2Fcomments&post=860"}],"version-history":[{"count":62,"href":"https:\/\/www.verwoehnpunkt.de\/index.php?rest_route=\/wp\/v2\/pages\/860\/revisions"}],"predecessor-version":[{"id":46544,"href":"https:\/\/www.verwoehnpunkt.de\/index.php?rest_route=\/wp\/v2\/pages\/860\/revisions\/46544"}],"wp:attachment":[{"href":"https:\/\/www.verwoehnpunkt.de\/index.php?rest_route=%2Fwp%2Fv2%2Fmedia&parent=860"}],"curies":[{"name":"wp","href":"https:\/\/api.w.org\/{rel}","templated":true}]}}