{"id":79,"date":"2011-03-29T16:08:36","date_gmt":"2011-03-29T16:08:36","guid":{"rendered":"http:\/\/www.verwoehnpunkt.de\/?page_id=79"},"modified":"2026-01-12T12:40:48","modified_gmt":"2026-01-12T11:40:48","slug":"herzlich-willkommen","status":"publish","type":"page","link":"https:\/\/www.verwoehnpunkt.de\/?page_id=79","title":{"rendered":"VERW\u00d6HNPUNKT"},"content":{"rendered":"<h3 style=\"text-align: left;\">\u00a0<\/h3>\n<h3><img loading=\"lazy\" decoding=\"async\" class=\"alignleft  wp-image-1396\" src=\"https:\/\/www.verwoehnpunkt.de\/wp-content\/uploads\/2011\/03\/mit-Schriftzug-1024x671.jpg\" alt=\"\" width=\"489\" height=\"321\" srcset=\"https:\/\/www.verwoehnpunkt.de\/wp-content\/uploads\/2011\/03\/mit-Schriftzug-1024x671.jpg 1024w, https:\/\/www.verwoehnpunkt.de\/wp-content\/uploads\/2011\/03\/mit-Schriftzug-300x197.jpg 300w, https:\/\/www.verwoehnpunkt.de\/wp-content\/uploads\/2011\/03\/mit-Schriftzug-768x504.jpg 768w, https:\/\/www.verwoehnpunkt.de\/wp-content\/uploads\/2011\/03\/mit-Schriftzug.jpg 1496w\" sizes=\"auto, (max-width: 489px) 100vw, 489px\" \/><\/h3>\n<h3><span style=\"color: #562f05;\"><strong>Herzlich Willkommen im Studio f\u00fcr naturbewusste Menschen<\/strong><\/span><\/h3>\n<p style=\"text-align: justify;\"><span style=\"color: #592e16;\">Am wundersch\u00f6nen Dessau-W\u00f6rlitzer Gartenreich gelegen, in der historischen Jonitzer M\u00fchle, hat der Verw\u00f6hnpunkt seit Mai 2013 seinen neuen gem\u00fctlichen\u00a0Standort. Im Mai 2008 er\u00f6ffnete es, als\u00a0das erste Biokosmetikstudio mit zertifizierter Naturkosmetik, in Dessau-Ro\u00dflau, die T\u00fcren.<\/span><\/p>\n<p><span style=\"color: #562f05;\">Wann haben Sie sich das letzte Mal Zeit f\u00fcr sich allein genommen, um im Einklang mit sich selbst zu sein? Einen Tag lang ungest\u00f6rt in Mu\u00dfe zu erleben hei\u00dft, einen Tag lang ein Unsterblicher zu sein! Genie\u00dfen und entspannen Sie in Ihrem Biokosmetik- &amp; Massagestudio &#8222;VERW\u00d6HNPUNKT&#8220;.<\/span><\/p>\n<p style=\"text-align: justify;\"><span style=\"color: #562f05;\">Sie m\u00f6chten einem Ihnen lieben Menschen mit einem pers\u00f6nlichen Geschenk eine besondere Freude bereiten? Lassen Sie sich von den\u00a0 <a href=\"https:\/\/www.verwoehnpunkt.de\/?page_id=8\"><span style=\"color: #562f05;\">speziellen Angeboten<\/span><\/a> inspirieren.<\/span><\/p>\n<h2><span style=\"color: #562f05;\">nat\u00fcrliche Sch\u00f6nheit von Kopf&#8230;<\/span><\/h2>\n<p><span style=\"color: #562f05;\">Wir verwenden ausschlie\u00dflich hochwertige kontrollierte Naturkosmetik von Provida Organics mit Biozertifizierung und der Bio\u00f6lm\u00fchle Solling.<br \/><\/span><\/p>\n<ul>\n<li><span style=\"color: #562f05;\">frei von tierischen Inhaltsstoffen von toten Tieren, auf Wunsch vegan<br \/><\/span><\/li>\n<li><span style=\"color: #562f05;\">aus kontrolliert biologischem Anbau oder Wildsammlungen<\/span><\/li>\n<li><span style=\"color: #562f05;\">tierversuchsfrei<\/span><\/li>\n<li><span style=\"color: #562f05;\">ohne chemische Konservierungsmittel, synth. Duftstoffe<\/span><\/li>\n<li><span style=\"color: #562f05;\">ohne Erd\u00f6lprodukte und Silikone<br \/><\/span><\/li>\n<\/ul>\n<p><span style=\"color: #562f05;\">sowie mit\u00a0zertifizierten Heilmoor aus \u00d6sterreich.<\/span><\/p>\n<p style=\"text-align: justify;\"><span style=\"color: #562f05;\">Die verwendeten biokosmetischen Produkte kommen ohne Tierversuche aus und sind vom Europ\u00e4ischen Tierschutzbund auf einer Positivliste best\u00e4tigt worden. Unsere ganzheitliche Naturkosmetik &#8211; eine perfekte Kombination aus Natur, Inspiration und innovativer Wissenschaft &#8211; verbindet modernste dermatologische Erkenntnisse mit bew\u00e4hrtem medizinischen Wissen um die Kr\u00e4uterheilkunde. Dabei werden die Lehren des Ayurveda, die Grunds\u00e4tze der Anthroposophie und die Gesetze der Phyto- und Aromatherapie ber\u00fccksichtigt.<\/span><\/p>\n<p style=\"text-align: justify;\"><span style=\"color: #562f05;\">Das hei\u00dft: nat\u00fcrliche Pflege mit gutem Gewissen!<\/span><\/p>\n<h2><span style=\"color: #562f05;\">&#8230;bis zu den Zehenspitzen<br \/><\/span><\/h2>\n<p style=\"text-align: justify;\"><span style=\"color: #562f05;\">Wahre Sch\u00f6nheit kommt von Innen! Wer hier an eine gesunde Ern\u00e4hrung denkt, liegt richtig. Und doch ist es nur die halbe Wahrheit: Ist das Innere Gleichgewicht gest\u00f6rt, die seelische Balance verloren gegangen, so kann auch die bewussteste Ern\u00e4hrung nicht helfen, Ihnen neue Energie zu geben, Sie vor Sch\u00f6nheit strahlen zu lassen.<\/span><\/p>\n<p style=\"text-align: justify;\"><span style=\"color: #562f05;\">Mit unseren Wellnessanwendungen in einladender Atmosph\u00e4re m\u00f6chten wir Sie auf Ihrem Weg der K\u00f6rper-Geist-Seele-Balance unterst\u00fctzen. Das Eingehen auf Ihre pers\u00f6nlichen Bed\u00fcrfnisse und die Liebe zum Detail, lassen Ihren Besuch bei uns zu einem harmonisch entspannten Erlebnis werden.<\/span><\/p>\n\n\n<p><\/p>\n","protected":false},"excerpt":{"rendered":"<p>\u00a0 Herzlich Willkommen im Studio f\u00fcr naturbewusste Menschen Am wundersch\u00f6nen Dessau-W\u00f6rlitzer Gartenreich gelegen, in der historischen Jonitzer M\u00fchle, hat der Verw\u00f6hnpunkt seit Mai 2013 seinen neuen gem\u00fctlichen\u00a0Standort. Im Mai 2008 er\u00f6ffnete es, als\u00a0das erste Biokosmetikstudio mit zertifizierter Naturkosmetik, in Dessau-Ro\u00dflau, die T\u00fcren. Wann haben Sie sich das letzte Mal Zeit f\u00fcr sich allein genommen, um &#038;hellip <a class=\"read-excerpt\" href=\"https:\/\/www.verwoehnpunkt.de\/?page_id=79\">Continue reading <span class=\"meta-nav\">&raquo;<\/span><\/a><\/p>\n","protected":false},"author":1,"featured_media":0,"parent":0,"menu_order":1,"comment_status":"closed","ping_status":"closed","template":"","meta":{"footnotes":""},"class_list":["post-79","page","type-page","status-publish","hentry"],"_links":{"self":[{"href":"https:\/\/www.verwoehnpunkt.de\/index.php?rest_route=\/wp\/v2\/pages\/79","targetHints":{"allow":["GET"]}}],"collection":[{"href":"https:\/\/www.verwoehnpunkt.de\/index.php?rest_route=\/wp\/v2\/pages"}],"about":[{"href":"https:\/\/www.verwoehnpunkt.de\/index.php?rest_route=\/wp\/v2\/types\/page"}],"author":[{"embeddable":true,"href":"https:\/\/www.verwoehnpunkt.de\/index.php?rest_route=\/wp\/v2\/users\/1"}],"replies":[{"embeddable":true,"href":"https:\/\/www.verwoehnpunkt.de\/index.php?rest_route=%2Fwp%2Fv2%2Fcomments&post=79"}],"version-history":[{"count":297,"href":"https:\/\/www.verwoehnpunkt.de\/index.php?rest_route=\/wp\/v2\/pages\/79\/revisions"}],"predecessor-version":[{"id":46490,"href":"https:\/\/www.verwoehnpunkt.de\/index.php?rest_route=\/wp\/v2\/pages\/79\/revisions\/46490"}],"wp:attachment":[{"href":"https:\/\/www.verwoehnpunkt.de\/index.php?rest_route=%2Fwp%2Fv2%2Fmedia&parent=79"}],"curies":[{"name":"wp","href":"https:\/\/api.w.org\/{rel}","templated":true}]}}