{"id":250,"date":"2011-04-20T13:36:36","date_gmt":"2011-04-20T13:36:36","guid":{"rendered":"http:\/\/www.verwoehnpunkt.de\/?page_id=250"},"modified":"2017-09-29T12:36:40","modified_gmt":"2017-09-29T10:36:40","slug":"gastebuch","status":"publish","type":"page","link":"https:\/\/www.verwoehnpunkt.de\/?page_id=250","title":{"rendered":"G\u00e4stebuch"},"content":{"rendered":"<p><span style=\"color: #562f05;\">Liebe Besucher,\u00a0wie hat Ihnen Ihr Besuch im Verw\u00f6hnpunkt gefallen? Teilen Sie gern Ihre Meinung mit.<\/span><\/p>\n<p>&nbsp;<\/p>\n<div class=\"gwolle-gb\"><div class=\"gwolle-gb-messages-top-container\"><\/div>\n\t\t\t<div class=\"gwolle-gb-write-button\">\n\t\t\t\t<input type=\"button\" name=\"gwolle-gb-write-button\" class=\"button btn btn-default \" value=\"Neuen Eintrag schreiben\" aria-expanded=\"false\" \/>\n\t\t\t<\/div>\n\t\t\t<form action=\"#\" method=\"POST\" class=\"gwolle-gb-write gwolle-gb-hide gwolle-gb-float gwolle-gb-form-ajax gwolle-gb-ajax gwolle-gb-not-logged-in\">\n\t\t\t\t<h3>Herzlichen Dank f\u00fcr Ihre Zeit.<\/h3>\n\t\t\t\t<button type=\"button\" class=\"gb-notice-dismiss\">x<span class=\"screen-reader-text\">Dieses Formular ausblenden<\/span><\/button>\n\t\t\t\n\t\t\t\t<input type=\"hidden\" name=\"gwolle_gb_function\" class=\"gwolle_gb_function\" value=\"add_entry\" \/><input type=\"hidden\" name=\"gwolle_gb_book_id\" class=\"gwolle_gb_book_id\" value=\"1\" \/><div class=\"gwolle_gb_a65730fe027c851486ba6256ab303bea\">\n\t\t\t\t<div class=\"label\"><label for=\"gwolle_gb_a65730fe027c851486ba6256ab303bea-1\" class=\"text-info\">Name <span class=\"required\">*<\/span><\/label><\/div>\n\t\t\t\t<div class=\"input\"><input class=\"wp-exclude-emoji gwolle_gb_a65730fe027c851486ba6256ab303bea\" value=\"\" type=\"text\" id=\"gwolle_gb_a65730fe027c851486ba6256ab303bea-1\" name=\"gwolle_gb_a65730fe027c851486ba6256ab303bea\" required \/><\/div>\n\t\t\t\t<div class=\"clearBoth\">&nbsp;<\/div>\n\t\t\t<\/div><div class=\"gwolle_gb_9f37e26c1fba181d51ff0424ae0cf898\">\n\t\t\t\t\t<div class=\"label\"><label for=\"gwolle_gb_9f37e26c1fba181d51ff0424ae0cf898-1\" class=\"text-info\">Stadt<\/label><\/div>\n\t\t\t\t\t<div class=\"input\"><input class=\"wp-exclude-emoji gwolle_gb_9f37e26c1fba181d51ff0424ae0cf898\" value=\"\" type=\"text\" id=\"gwolle_gb_9f37e26c1fba181d51ff0424ae0cf898-1\" name=\"gwolle_gb_9f37e26c1fba181d51ff0424ae0cf898\" \/><\/div>\n\t\t\t\t\t<div class=\"clearBoth\">&nbsp;<\/div>\n\t\t\t\t<\/div><div class=\"gwolle_gb_5cdec52e5317d03c77cacdecd25e390c\">\n\t\t\t\t<div class=\"label\"><label for=\"gwolle_gb_5cdec52e5317d03c77cacdecd25e390c-1\" class=\"text-info\">E-Mail <span class=\"required\">*<\/span><\/label><\/div>\n\t\t\t\t<div class=\"input\"><input class=\"gwolle_gb_5cdec52e5317d03c77cacdecd25e390c\" value=\"\" type=\"email\" id=\"gwolle_gb_5cdec52e5317d03c77cacdecd25e390c-1\" name=\"gwolle_gb_5cdec52e5317d03c77cacdecd25e390c\" required \/><\/div>\n\t\t\t\t<div class=\"clearBoth\">&nbsp;<\/div>\n\t\t\t<\/div>\n\t\t\t<div class=\"gwolle_gb_d99a8fdce49d2e5449da6c85369ef3df\" style=\"display:none;overflow:hidden;\" hidden=\"true\" aria-hidden=\"true\">\n\t\t\t\t<div class=\"label\">\n\t\t\t\t\t<label for=\"gwolle_gb_d99a8fdce49d2e5449da6c85369ef3df-1\" class=\"text-primary\">Hier nichts eingeben<\/label>\n\t\t\t\t\t<label for=\"gwolle_gb_c8040f3ce8761aecfafdb107b707c147-1\" class=\"text-primary\">Hier nichts eingeben<\/label>\n\t\t\t\t<\/div>\n\t\t\t\t<div class=\"input\">\n\t\t\t\t\t<input value=\"24741\" type=\"text\" id=\"gwolle_gb_d99a8fdce49d2e5449da6c85369ef3df-1\" name=\"gwolle_gb_d99a8fdce49d2e5449da6c85369ef3df\" class=\"gwolle_gb_d99a8fdce49d2e5449da6c85369ef3df\" style=\"transform: translateY(10000px);\" \/>\n\t\t\t\t\t<input value=\"24741\" type=\"text\"id=\"gwolle_gb_c8040f3ce8761aecfafdb107b707c147-1\" name=\"gwolle_gb_c8040f3ce8761aecfafdb107b707c147\" class=\"gwolle_gb_c8040f3ce8761aecfafdb107b707c147\" style=\"transform: translateY(10000px);\" \/>\n\t\t\t\t<\/div>\n\t\t\t\t<div class=\"clearBoth\"><\/div>\n\t\t\t<\/div><div class=\"gwolle_gb_content\">\n\t\t\t\t<div class=\"label\"><label for=\"gwolle_gb_content-1\" class=\"text-info\">G\u00e4stebucheintrag <span class=\"required\">*<\/span><\/label><\/div>\n\t\t\t\t<div class=\"input\"><textarea id=\"gwolle_gb_content-1\" name=\"gwolle_gb_content\" class=\"gwolle_gb_content wp-exclude-emoji\" required ><\/textarea><\/div>\n\t\t\t\t\t<div class=\"clearBoth\">&nbsp;<\/div>\n\t\t\t\t<\/div>\n\t\t\t\t<div class=\"gwolle_gb_antispam gwolle-gb-antispam\">\n\t\t\t\t\t<div class=\"label\">\n\t\t\t\t\t\t<label for=\"gwolle_gb_a34263cf512857b99b26d35a838d4ba9-1\" class=\"text-info\">Frage: 11-2 <span class=\"required\">*<\/span><\/label>\n\t\t\t\t\t<\/div>\n\t\t\t\t\t<div class=\"input\"><input class=\"gwolle_gb_a34263cf512857b99b26d35a838d4ba9\" value=\"\" type=\"text\" id=\"gwolle_gb_a34263cf512857b99b26d35a838d4ba9-1\" name=\"gwolle_gb_a34263cf512857b99b26d35a838d4ba9\" required \/>\n\t\t\t\t\t\t<\/div>\n\t\t\t\t\t\t<div class=\"clearBoth\">&nbsp;<\/div>\n\t\t\t\t\t<\/div><input type=\"hidden\" class=\"gwolle_gb_c3c2606d273a611a0100ccb37b487151\" id=\"gwolle_gb_c3c2606d273a611a0100ccb37b487151-1\" name=\"gwolle_gb_c3c2606d273a611a0100ccb37b487151\" value=\"e56ec5f99d\" \/>\n\t\t\t<div class=\"gwolle-gb-messages-bottom-container\"><\/div>\n\n\t\t\t<noscript><div class=\"no-js\">Warnung: Dieses Formular kann nur verwendet werden, wenn in deinem Browser JavaScript aktiviert ist.<\/div><\/noscript>\n\n\t\t\t<div class=\"gwolle_gb_submit gwolle-gb-submit\">\n\t\t\t\t<div class=\"label gwolle-gb-invisible text-muted\">&nbsp;<\/div>\n\t\t\t\t<div class=\"input\">\n\t\t\t\t\t<input type=\"submit\" name=\"gwolle_gb_submit\" class=\"gwolle_gb_submit button btn btn-primary \" value=\"Absenden\" \/>\n\t\t\t\t\t<span class=\"gwolle_gb_submit_ajax_icon gwolle-gb-submit-ajax-icon\"><\/span>\n\t\t\t\n\t\t\t\t<\/div>\n\t\t\t\t<div class=\"clearBoth\">&nbsp;<\/div>\n\t\t\t<\/div>\n\n\t\t\t<div class=\"gwolle_gb_notice gwolle-gb-notice\">\n\t\t\t\tMit * gekennzeichnete Felder sind Pflichtfelder. Die E-Mail-Adresse wird nicht ver\u00f6ffentlicht. Der Eintrag im G\u00e4stebuch wird erst sichtbar ist, nachdem wir ihn gepr\u00fcft haben.\n\t\t\t<\/div><\/form><div class=\"gwolle-gb-read gwolle-gb-ajax gwolle-gb-entries-list\" data-book_id=\"1\">(Noch keine Eintr\u00e4ge)<\/div><\/div>\n","protected":false},"excerpt":{"rendered":"<p>Liebe Besucher,\u00a0wie hat Ihnen Ihr Besuch im Verw\u00f6hnpunkt gefallen? Teilen Sie gern Ihre Meinung mit. &nbsp;<\/p>\n","protected":false},"author":1,"featured_media":0,"parent":0,"menu_order":0,"comment_status":"open","ping_status":"open","template":"","meta":{"footnotes":""},"class_list":["post-250","page","type-page","status-publish","hentry"],"_links":{"self":[{"href":"https:\/\/www.verwoehnpunkt.de\/index.php?rest_route=\/wp\/v2\/pages\/250","targetHints":{"allow":["GET"]}}],"collection":[{"href":"https:\/\/www.verwoehnpunkt.de\/index.php?rest_route=\/wp\/v2\/pages"}],"about":[{"href":"https:\/\/www.verwoehnpunkt.de\/index.php?rest_route=\/wp\/v2\/types\/page"}],"author":[{"embeddable":true,"href":"https:\/\/www.verwoehnpunkt.de\/index.php?rest_route=\/wp\/v2\/users\/1"}],"replies":[{"embeddable":true,"href":"https:\/\/www.verwoehnpunkt.de\/index.php?rest_route=%2Fwp%2Fv2%2Fcomments&post=250"}],"version-history":[{"count":10,"href":"https:\/\/www.verwoehnpunkt.de\/index.php?rest_route=\/wp\/v2\/pages\/250\/revisions"}],"predecessor-version":[{"id":1464,"href":"https:\/\/www.verwoehnpunkt.de\/index.php?rest_route=\/wp\/v2\/pages\/250\/revisions\/1464"}],"wp:attachment":[{"href":"https:\/\/www.verwoehnpunkt.de\/index.php?rest_route=%2Fwp%2Fv2%2Fmedia&parent=250"}],"curies":[{"name":"wp","href":"https:\/\/api.w.org\/{rel}","templated":true}]}}