{"id":226,"date":"2011-04-13T13:23:14","date_gmt":"2011-04-13T13:23:14","guid":{"rendered":"http:\/\/www.verwoehnpunkt.de\/?page_id=226"},"modified":"2025-05-14T10:59:56","modified_gmt":"2025-05-14T08:59:56","slug":"aktuelles","status":"publish","type":"page","link":"https:\/\/www.verwoehnpunkt.de\/?page_id=226","title":{"rendered":"Gesch\u00e4ftszeiten\/Termine"},"content":{"rendered":"<p style=\"text-align: justify;\"><span style=\"color: #003300;\"><strong>Studiozeiten<br \/><\/strong><\/span><\/p>\n<p style=\"text-align: justify;\"><span style=\"color: #003300;\">Um im Verw\u00f6hnpunkt die Harmonie und Ruhe zu gew\u00e4hren, gibt es keine festen \u00d6ffnungszeiten. Vereinbaren Sie bitte Ihren Wohlf\u00fchltermin telefonisch oder per E-Mail. Die Gesch\u00e4ftszeiten vom Verw\u00f6hnpunkt werden individuell vereinbart, dadurch stehen Sie allein im Mittelpunkt und genie\u00dfen Ihren Termin mit wohltuender Entspannung.<\/span><\/p>\n<p><span style=\"color: #003300;\"><strong>Neukundenannahme: <\/strong>Durch die hohe Kundenzufriedenheit und die ausgesch\u00f6pfte Terminkapazit\u00e4t der Stammkunden ist die Neukundenannahme bis Mittags, (Vorlaufzeit bis 3 Monate) , bei der Inhaberin Susanne Naumann m\u00f6glich oder lassen Sie sich gern auf die Warteliste setzen. F\u00fcr Ihre Wohlf\u00fchlzeit und Gutscheinw\u00fcnsche k\u00f6nnen Sie sich auch an meine Naturkosmetik Kollegin Uta Parthier wenden, Telefon 01792952263.<\/span><\/p>\n<p><span style=\"color: #003300;\">Wohlf\u00fchltermine nach telefonischer Vereinbarung bei Susanne Naumann: 0340-8594110 oder per E-Mail: bio@verwoehnpunkt.de<\/span><\/p>\n<p><img loading=\"lazy\" decoding=\"async\" class=\"size-medium wp-image-1692 alignleft\" src=\"https:\/\/www.verwoehnpunkt.de\/wp-content\/uploads\/2021\/07\/Verwoehnpunkt-Bilderrrahmen-300x225.jpg\" alt=\"\" width=\"300\" height=\"225\" srcset=\"https:\/\/www.verwoehnpunkt.de\/wp-content\/uploads\/2021\/07\/Verwoehnpunkt-Bilderrrahmen-300x225.jpg 300w, https:\/\/www.verwoehnpunkt.de\/wp-content\/uploads\/2021\/07\/Verwoehnpunkt-Bilderrrahmen-1024x768.jpg 1024w, https:\/\/www.verwoehnpunkt.de\/wp-content\/uploads\/2021\/07\/Verwoehnpunkt-Bilderrrahmen-768x576.jpg 768w, https:\/\/www.verwoehnpunkt.de\/wp-content\/uploads\/2021\/07\/Verwoehnpunkt-Bilderrrahmen.jpg 1181w\" sizes=\"auto, (max-width: 300px) 100vw, 300px\" \/><span style=\"color: #003300;\">\u00a0 \u00a0 \u00a0 \u00a0 \u00a0 \u00a0 \u00a0 \u00a0 \u00a0 \u00a0 \u00a0 \u00a0 \u00a0 \u00a0 \u00a0 \u00a0 \u00a0 \u00a0 \u00a0 \u00a0 \u00a0 \u00a0 \u00a0 \u00a0 \u00a0 \u00a0 \u00a0 \u00a0 \u00a0 \u00a0 \u00a0 \u00a0 \u00a0 \u00a0 \u00a0 \u00a0 \u00a0 \u00a0 \u00a0 \u00a0 \u00a0 \u00a0 \u00a0 \u00a0 \u00a0 \u00a0 \u00a0 \u00a0 \u00a0 \u00a0 <\/span><\/p>\n<p>&nbsp;<\/p>\n<p>&nbsp;<\/p>\n<p>&nbsp;<\/p>\n<p>&nbsp;<\/p>\n<p>&nbsp;<\/p>\n<p>&nbsp;<\/p>\n<p><span style=\"color: #003300;\">Wohlf\u00fchltermine nach telefonischer Vereinbarung bei Uta Parthier:\u00a0 0179-2952263 <\/span><span style=\"color: #003300;\">oder per E-Mail: uta.parthier@web.de<\/span><\/p>\n<p><span style=\"color: #003300;\"><img loading=\"lazy\" decoding=\"async\" class=\" wp-image-1693 alignleft\" src=\"https:\/\/www.verwoehnpunkt.de\/wp-content\/uploads\/2021\/07\/Uta-Bilderrrahmen-300x225.jpg\" alt=\"\" width=\"299\" height=\"224\" srcset=\"https:\/\/www.verwoehnpunkt.de\/wp-content\/uploads\/2021\/07\/Uta-Bilderrrahmen-300x225.jpg 300w, https:\/\/www.verwoehnpunkt.de\/wp-content\/uploads\/2021\/07\/Uta-Bilderrrahmen-1024x768.jpg 1024w, https:\/\/www.verwoehnpunkt.de\/wp-content\/uploads\/2021\/07\/Uta-Bilderrrahmen-768x576.jpg 768w, https:\/\/www.verwoehnpunkt.de\/wp-content\/uploads\/2021\/07\/Uta-Bilderrrahmen.jpg 1181w\" sizes=\"auto, (max-width: 299px) 100vw, 299px\" \/><\/span><\/p>\n<p>&nbsp;<\/p>\n<p>&nbsp;<\/p>\n<p>&nbsp;<\/p>\n<p>&nbsp;<\/p>\n<p>&nbsp;<\/p>\n<p>&nbsp;<\/p>\n<p>&nbsp;<\/p>\n<p><span style=\"color: #003300;\"><strong>Ein Treue Dankesch\u00f6n an Sie!<\/strong><\/span><\/p>\n<p><span style=\"color: #003300;\">F\u00fcr treue Kunden wartet nach regelm\u00e4\u00dfigen Wohlf\u00fchlterminen bei Susanne Naumann, ein Danksch\u00f6n auf Sie!<\/span><\/p>\n\n\n<p><\/p>\n","protected":false},"excerpt":{"rendered":"<p>Studiozeiten Um im Verw\u00f6hnpunkt die Harmonie und Ruhe zu gew\u00e4hren, gibt es keine festen \u00d6ffnungszeiten. Vereinbaren Sie bitte Ihren Wohlf\u00fchltermin telefonisch oder per E-Mail. Die Gesch\u00e4ftszeiten vom Verw\u00f6hnpunkt werden individuell vereinbart, dadurch stehen Sie allein im Mittelpunkt und genie\u00dfen Ihren Termin mit wohltuender Entspannung. Neukundenannahme: Durch die hohe Kundenzufriedenheit und die ausgesch\u00f6pfte Terminkapazit\u00e4t der Stammkunden &#038;hellip <a class=\"read-excerpt\" href=\"https:\/\/www.verwoehnpunkt.de\/?page_id=226\">Continue reading <span class=\"meta-nav\">&raquo;<\/span><\/a><\/p>\n","protected":false},"author":1,"featured_media":0,"parent":0,"menu_order":0,"comment_status":"open","ping_status":"open","template":"","meta":{"footnotes":""},"class_list":["post-226","page","type-page","status-publish","hentry"],"_links":{"self":[{"href":"https:\/\/www.verwoehnpunkt.de\/index.php?rest_route=\/wp\/v2\/pages\/226","targetHints":{"allow":["GET"]}}],"collection":[{"href":"https:\/\/www.verwoehnpunkt.de\/index.php?rest_route=\/wp\/v2\/pages"}],"about":[{"href":"https:\/\/www.verwoehnpunkt.de\/index.php?rest_route=\/wp\/v2\/types\/page"}],"author":[{"embeddable":true,"href":"https:\/\/www.verwoehnpunkt.de\/index.php?rest_route=\/wp\/v2\/users\/1"}],"replies":[{"embeddable":true,"href":"https:\/\/www.verwoehnpunkt.de\/index.php?rest_route=%2Fwp%2Fv2%2Fcomments&post=226"}],"version-history":[{"count":132,"href":"https:\/\/www.verwoehnpunkt.de\/index.php?rest_route=\/wp\/v2\/pages\/226\/revisions"}],"predecessor-version":[{"id":46264,"href":"https:\/\/www.verwoehnpunkt.de\/index.php?rest_route=\/wp\/v2\/pages\/226\/revisions\/46264"}],"wp:attachment":[{"href":"https:\/\/www.verwoehnpunkt.de\/index.php?rest_route=%2Fwp%2Fv2%2Fmedia&parent=226"}],"curies":[{"name":"wp","href":"https:\/\/api.w.org\/{rel}","templated":true}]}}