{"id":162,"date":"2011-04-05T14:35:33","date_gmt":"2011-04-05T14:35:33","guid":{"rendered":"http:\/\/www.verwoehnpunkt.de\/?page_id=162"},"modified":"2015-03-06T17:41:39","modified_gmt":"2015-03-06T16:41:39","slug":"impressum","status":"publish","type":"page","link":"https:\/\/www.verwoehnpunkt.de\/?page_id=162","title":{"rendered":"Impressum"},"content":{"rendered":"<p><img loading=\"lazy\" decoding=\"async\" class=\"alignnone size-full wp-image-1227\" src=\"https:\/\/www.verwoehnpunkt.de\/wp-content\/uploads\/2011\/04\/Impressum.jpg\" alt=\"\" width=\"260\" height=\"189\" \/><\/p>\n<p><span style=\"color: #562f05;\"><strong>Gesetzliche Berufsbezeichnung, verliehen in Deutschland:<\/strong><\/span><br \/>\n<span style=\"color: #562f05;\">Staatlich gepr\u00fcfte Kosmetikerin<\/span><\/p>\n<p><span style=\"color: #562f05;\"><strong>Zust\u00e4ndige Kammer:<\/strong><\/span><br \/>\n<span style=\"color: #562f05;\">HWK Halle-Dessau<\/span><\/p>\n<p><span style=\"color: #562f05;\"><strong>Zust\u00e4ndige Aufsichtsbeh\u00f6rde:<\/strong><\/span><br \/>\n<span style=\"color: #562f05;\"><a href=\"http:\/\/www.dessau-rosslau.de\/\" target=\"_blank\"><span style=\"color: #562f05;\">Amt f\u00fcr Ordnung und Verkehr Dessau-Ro\u00dflau<\/span><\/a><\/span><\/p>\n<p><span style=\"color: #562f05;\"><strong>Umsatzsteuer-Identifikationsnummer:\u00a0\u00a0\u00a0\u00a0\u00a0\u00a0\u00a0\u00a0\u00a0\u00a0\u00a0\u00a0\u00a0\u00a0\u00a0\u00a0\u00a0\u00a0\u00a0\u00a0\u00a0\u00a0\u00a0\u00a0\u00a0\u00a0\u00a0\u00a0\u00a0\u00a0\u00a0\u00a0\u00a0\u00a0\u00a0\u00a0\u00a0\u00a0\u00a0\u00a0\u00a0\u00a0\u00a0\u00a0\u00a0\u00a0\u00a0\u00a0\u00a0\u00a0\u00a0\u00a0\u00a0\u00a0\u00a0\u00a0\u00a0\u00a0\u00a0\u00a0\u00a0\u00a0\u00a0\u00a0\u00a0\u00a0\u00a0\u00a0\u00a0\u00a0\u00a0\u00a0\u00a0\u00a0\u00a0\u00a0\u00a0\u00a0\u00a0\u00a0\u00a0\u00a0\u00a0\u00a0\u00a0\u00a0\u00a0\u00a0\u00a0\u00a0\u00a0\u00a0\u00a0\u00a0\u00a0\u00a0\u00a0\u00a0\u00a0\u00a0\u00a0\u00a0\u00a0\u00a0\u00a0\u00a0\u00a0\u00a0\u00a0\u00a0\u00a0\u00a0\u00a0\u00a0\u00a0\u00a0\u00a0\u00a0\u00a0\u00a0\u00a0\u00a0 <\/strong>DE259851439<\/span><\/p>\n<p><span style=\"color: #562f05;\"><strong>Rechtshinweise\/ Haftungsausschluss\u00a0\u00a0\u00a0\u00a0\u00a0\u00a0\u00a0\u00a0\u00a0\u00a0\u00a0\u00a0\u00a0\u00a0\u00a0\u00a0\u00a0\u00a0\u00a0\u00a0\u00a0\u00a0\u00a0\u00a0\u00a0\u00a0\u00a0\u00a0\u00a0\u00a0\u00a0\u00a0\u00a0\u00a0\u00a0\u00a0\u00a0\u00a0\u00a0\u00a0\u00a0\u00a0\u00a0\u00a0\u00a0\u00a0\u00a0\u00a0\u00a0\u00a0\u00a0\u00a0\u00a0\u00a0\u00a0\u00a0\u00a0\u00a0\u00a0\u00a0\u00a0\u00a0\u00a0\u00a0\u00a0\u00a0\u00a0\u00a0\u00a0\u00a0\u00a0\u00a0\u00a0\u00a0\u00a0\u00a0\u00a0\u00a0\u00a0\u00a0\u00a0\u00a0\u00a0\u00a0\u00a0\u00a0\u00a0\u00a0\u00a0\u00a0\u00a0\u00a0\u00a0\u00a0\u00a0\u00a0\u00a0\u00a0\u00a0\u00a0\u00a0\u00a0\u00a0\u00a0\u00a0\u00a0\u00a0\u00a0\u00a0\u00a0\u00a0\u00a0\u00a0\u00a0\u00a0\u00a0\u00a0\u00a0\u00a0\u00a0\u00a0\u00a0\u00a0\u00a0\u00a0\u00a0\u00a0\u00a0\u00a0\u00a0\u00a0\u00a0\u00a0\u00a0\u00a0\u00a0\u00a0\u00a0 <\/strong>Dieses Internet-Angebot ist sorgf\u00e4ltig erarbeitet worden. Dennoch: Weder der Herausgeber oder Erf\u00fcllungsgehilfen\u00a0\u00fcbernimmt\u00a0\u00a0f\u00fcr eventuelle Nachteile oder Sch\u00e4den, die aus den aufgef\u00fchrten Informationen, Empfehlungen oder Hinweisen resultieren, eine Haftung.<\/span><\/p>\n<p><span style=\"color: #562f05;\">Der Inhalt dieser\u00a0Internetseite ist ausschlie\u00dflich zu Informationszwecken bestimmt. Die Informationen stellen in keiner Weise einen Ersatz f\u00fcr professionelle Beratung bei Gesundheitsproblemen durch ausgebildete und anerkannte \u00c4rzte oder Therapeuten dar. Der Herausgeber fordert alle Benutzer mit akuten Gesundheitsproblemen dazu auf, im Bedarfsfall immer einen Arzt aufzusuchen.<\/span><\/p>\n<p><span style=\"color: #562f05;\">F\u00fcr Sch\u00e4den oder Unannehmlichkeiten, die durch den Gebrauch oder Missbrauch dieser Informationen entstehen, k\u00f6nnen der Herausgeber oder Erf\u00fcllungsgehilfen nicht &#8211; weder direkt noch indirekt &#8211; zur Verantwortung gezogen werden.<\/span><\/p>\n<p><span style=\"color: #562f05;\">Der Herausgeber oder Erf\u00fcllungsgehilfen \u00fcbernimmt keine Gew\u00e4hr f\u00fcr die Aktualit\u00e4t, Richtigkeit und Vollst\u00e4ndigkeit der bereitgestellten Informationen auf ihren Internet-Seiten.<\/span><\/p>\n<p><span style=\"color: #562f05;\">Die Haftung des Herausgebers oder Erf\u00fcllungsgehilfen f\u00fcr die Inhalte und Nutzung der\u00a0Internetseite beschr\u00e4nkt sich auf Vorsatz und grob fahrl\u00e4ssiges Verschulden. Die Autoren haften auch nicht f\u00fcr unbefugte Ver\u00e4nderungen durch Dritte.<\/span><\/p>\n<p><span style=\"color: #562f05;\">Bei den angelinkten externen Seiten handelt es sich ausschlie\u00dflich um fremde Inhalte. Der Herausgeber oder Erf\u00fcllungsgehilfen \u00fcbernimmt keine Verantwortung f\u00fcr den Inhalt der angelinkten Seiten. Es hat lediglich eine \u00dcberpr\u00fcfung der verlinkten Seiten zum Zeitpunkt der Linksetzung stattgefunden, bei der keine Anhaltspunkte f\u00fcr illegale Inhalte entdeckt wurden.<\/span><\/p>\n<p><span style=\"color: #562f05;\">Soweit Regelungen und Gesetze wiedergegeben werden, ist allein die amtliche Bekanntmachung ma\u00dfgeblich.<\/span><\/p>\n<p><span style=\"color: #562f05;\">Der Herausgeber oder Erf\u00fcllungsgehilfen sind bestrebt, in allen Publikationen die Urheberrechte der verwendeten Grafiken, Tondokumente, Videosequenzen und Texte zu beachten, von ihnen selbst erstellte Grafiken, Tondokumente, Videosequenzen und Texte zu nutzen oder auf lizenzfreie Grafiken, Tondokumente, Videosequenzen und Texte zur\u00fcckzugreifen. Das Copyright f\u00fcr ver\u00f6ffentlichte, von dem Herausgeber oder Erf\u00fcllungsgehilfen selbst erstellte Objekte bleibt allein bei dem Herausgeber oder Erf\u00fcllungsgehilfen der Seiten. Das Copyright der Bilder balance.jpg und beautypearls.jpg liegt bei aboutpixel.de. Eine Vervielf\u00e4ltigung oder Verwendung s\u00e4mtlicher Bilder dieses Internetangebotes ist ohne ausdr\u00fcckliche Zustimmung der Copyrightinhaber nicht gestattet.<\/span><\/p>\n<p><span style=\"color: #562f05;\">Sofern innerhalb des Internetangebotes die M\u00f6glichkeit zur Eingabe pers\u00f6nlicher oder gesch\u00e4ftlicher Daten (E-Mail Adressen, Namen, Anschriften, Telefon- und Faxnummern) besteht, so erfolgt die Preisgabe dieser Daten seitens des Nutzers auf ausdr\u00fccklich freiwilliger Basis.<\/span><\/p>\n<p><span style=\"color: #562f05;\">\u00a0Dieser Haftungsausschluss ist als Teil des Internetangebotes zu betrachten, von dem aus auf diese Seite verwiesen wurde. Sofern Teile oder einzelne Formulierungen dieses Textes der geltenden Rechtslage nicht, nicht mehr oder nicht vollst\u00e4ndig entsprechen sollten, bleiben die \u00fcbrigen Teile des Dokumentes in ihrem Inhalt und ihrer G\u00fcltigkeit davon unber\u00fchrt.<\/span><\/p>\n","protected":false},"excerpt":{"rendered":"<p>Gesetzliche Berufsbezeichnung, verliehen in Deutschland: Staatlich gepr\u00fcfte Kosmetikerin Zust\u00e4ndige Kammer: HWK Halle-Dessau Zust\u00e4ndige Aufsichtsbeh\u00f6rde: Amt f\u00fcr Ordnung und Verkehr Dessau-Ro\u00dflau Umsatzsteuer-Identifikationsnummer:\u00a0\u00a0\u00a0\u00a0\u00a0\u00a0\u00a0\u00a0\u00a0\u00a0\u00a0\u00a0\u00a0\u00a0\u00a0\u00a0\u00a0\u00a0\u00a0\u00a0\u00a0\u00a0\u00a0\u00a0\u00a0\u00a0\u00a0\u00a0\u00a0\u00a0\u00a0\u00a0\u00a0\u00a0\u00a0\u00a0\u00a0\u00a0\u00a0\u00a0\u00a0\u00a0\u00a0\u00a0\u00a0\u00a0\u00a0\u00a0\u00a0\u00a0\u00a0\u00a0\u00a0\u00a0\u00a0\u00a0\u00a0\u00a0\u00a0\u00a0\u00a0\u00a0\u00a0\u00a0\u00a0\u00a0\u00a0\u00a0\u00a0\u00a0\u00a0\u00a0\u00a0\u00a0\u00a0\u00a0\u00a0\u00a0\u00a0\u00a0\u00a0\u00a0\u00a0\u00a0\u00a0\u00a0\u00a0\u00a0\u00a0\u00a0\u00a0\u00a0\u00a0\u00a0\u00a0\u00a0\u00a0\u00a0\u00a0\u00a0\u00a0\u00a0\u00a0\u00a0\u00a0\u00a0\u00a0\u00a0\u00a0\u00a0\u00a0\u00a0\u00a0\u00a0\u00a0\u00a0\u00a0\u00a0\u00a0\u00a0\u00a0\u00a0 DE259851439 Rechtshinweise\/ Haftungsausschluss\u00a0\u00a0\u00a0\u00a0\u00a0\u00a0\u00a0\u00a0\u00a0\u00a0\u00a0\u00a0\u00a0\u00a0\u00a0\u00a0\u00a0\u00a0\u00a0\u00a0\u00a0\u00a0\u00a0\u00a0\u00a0\u00a0\u00a0\u00a0\u00a0\u00a0\u00a0\u00a0\u00a0\u00a0\u00a0\u00a0\u00a0\u00a0\u00a0\u00a0\u00a0\u00a0\u00a0\u00a0\u00a0\u00a0\u00a0\u00a0\u00a0\u00a0\u00a0\u00a0\u00a0\u00a0\u00a0\u00a0\u00a0\u00a0\u00a0\u00a0\u00a0\u00a0\u00a0\u00a0\u00a0\u00a0\u00a0\u00a0\u00a0\u00a0\u00a0\u00a0\u00a0\u00a0\u00a0\u00a0\u00a0\u00a0\u00a0\u00a0\u00a0\u00a0\u00a0\u00a0\u00a0\u00a0\u00a0\u00a0\u00a0\u00a0\u00a0\u00a0\u00a0\u00a0\u00a0\u00a0\u00a0\u00a0\u00a0\u00a0\u00a0\u00a0\u00a0\u00a0\u00a0\u00a0\u00a0\u00a0\u00a0\u00a0\u00a0\u00a0\u00a0\u00a0\u00a0\u00a0\u00a0\u00a0\u00a0\u00a0\u00a0\u00a0\u00a0\u00a0\u00a0\u00a0\u00a0\u00a0\u00a0\u00a0\u00a0\u00a0\u00a0\u00a0\u00a0\u00a0\u00a0\u00a0 Dieses Internet-Angebot ist sorgf\u00e4ltig erarbeitet worden. Dennoch: Weder der Herausgeber oder Erf\u00fcllungsgehilfen\u00a0\u00fcbernimmt\u00a0\u00a0f\u00fcr eventuelle Nachteile oder Sch\u00e4den, die aus den aufgef\u00fchrten Informationen, Empfehlungen oder Hinweisen resultieren, eine Haftung. Der Inhalt dieser\u00a0Internetseite ist &#038;hellip <a class=\"read-excerpt\" href=\"https:\/\/www.verwoehnpunkt.de\/?page_id=162\">Continue reading <span class=\"meta-nav\">&raquo;<\/span><\/a><\/p>\n","protected":false},"author":1,"featured_media":0,"parent":0,"menu_order":0,"comment_status":"open","ping_status":"open","template":"","meta":{"footnotes":""},"class_list":["post-162","page","type-page","status-publish","hentry"],"_links":{"self":[{"href":"https:\/\/www.verwoehnpunkt.de\/index.php?rest_route=\/wp\/v2\/pages\/162","targetHints":{"allow":["GET"]}}],"collection":[{"href":"https:\/\/www.verwoehnpunkt.de\/index.php?rest_route=\/wp\/v2\/pages"}],"about":[{"href":"https:\/\/www.verwoehnpunkt.de\/index.php?rest_route=\/wp\/v2\/types\/page"}],"author":[{"embeddable":true,"href":"https:\/\/www.verwoehnpunkt.de\/index.php?rest_route=\/wp\/v2\/users\/1"}],"replies":[{"embeddable":true,"href":"https:\/\/www.verwoehnpunkt.de\/index.php?rest_route=%2Fwp%2Fv2%2Fcomments&post=162"}],"version-history":[{"count":34,"href":"https:\/\/www.verwoehnpunkt.de\/index.php?rest_route=\/wp\/v2\/pages\/162\/revisions"}],"predecessor-version":[{"id":1229,"href":"https:\/\/www.verwoehnpunkt.de\/index.php?rest_route=\/wp\/v2\/pages\/162\/revisions\/1229"}],"wp:attachment":[{"href":"https:\/\/www.verwoehnpunkt.de\/index.php?rest_route=%2Fwp%2Fv2%2Fmedia&parent=162"}],"curies":[{"name":"wp","href":"https:\/\/api.w.org\/{rel}","templated":true}]}}