{"id":1552,"date":"2019-02-03T19:02:16","date_gmt":"2019-02-03T18:02:16","guid":{"rendered":"http:\/\/www.verwoehnpunkt.de\/?page_id=1552"},"modified":"2026-04-03T10:24:40","modified_gmt":"2026-04-03T08:24:40","slug":"babypause","status":"publish","type":"page","link":"https:\/\/www.verwoehnpunkt.de\/","title":{"rendered":"Herzensdank f\u00fcr 17 Jahre Verw\u00f6hnpunkt"},"content":{"rendered":"\n<p class=\"has-text-align-center has-text-color has-link-color has-medium-font-size wp-elements-e901dd96b9da7f9c9104a77d5406b4f4\" style=\"color:#045135\"><\/p>\n\n\n\n<p class=\"has-vivid-red-color has-text-color has-link-color wp-elements-d518d5e034cfe31b00077a21b9ca009e\"><strong>Bitte beachten Sie, die Verw\u00f6hnzeiten sind Juni ausgebucht. <\/strong><strong>Die Wohlf\u00fchlanwendungen findet in Ruhe und Harmonie statt. <\/strong>F\u00fcr Gutschein Einl\u00f6sungen und Wartelisten Wunsch, melden Sie sich bitte, mit Vorlaufzeit, per Mail an bio(at)verwoehnpunkt.de oder Telefon 0340-8594110. Um Unterbrechungen im G\u00e4stetermin zu vermeiden, finden keine Vorort Vereinbarungen statt.<\/p>\n\n\n\n<p class=\"has-text-color has-link-color wp-elements-0dec9dd59893b2904e4bea2f57a11095\" style=\"color:#06442d\"><strong>Der Verw\u00f6hnpunkt w\u00fcnscht Ihnen ein wundervolles Jahr 2026, m\u00f6ge Ihr Licht im Herzen, mit Freude und Vertrauen, strahlen.<\/strong><\/p>\n\n\n\n<p style=\"font-size:22px\"><strong>Liebe G\u00e4ste<\/strong>&nbsp;, <\/p>\n\n\n\n<p class=\"has-text-align-left\" style=\"font-size:18px\">am 13. Mai 2008 er\u00f6ffnete das Biokosmetik &amp; Massagestudio, als erstes Studio, mit zertifizierter Naturkosmetik mit der Option veganer Pflege, in Dessau Nord die T\u00fcren.<br \/>Es erfreut sich mit Ihnen \u00fcber wohltuende Momente, bewusster Entspannung und nat\u00fcrlicher Pflege.<br \/>Seit dem Jahr 2013 finden die Wohlf\u00fchltermine im einzigartigen Ambiente der Jonitzer M\u00fchle statt.<br \/><strong>Es ist mir eine Freude, Ihnen im Leben mit Hilfe von Kraft der Natur, eine kleine Auszeit zu zaubern.<br \/>Ein Herzensdank auch an Sie, f\u00fcr Ihre Besuche!<\/strong><\/p>\n\n\n\n<p class=\"has-text-align-left\" style=\"font-size:18px\">Egal ob gro\u00df oder klein,                                                                                                                                                  d\u00fcnn oder dick,                                                                                                                                                         ungeimpft und freidenkend.                                                                                                                                               Die W\u00fcrde des Menschen ist unantastbar,                                                                                                                    f\u00fchlen auch Sie sich, im Studio Verw\u00f6hnpunkt,  weiter als Mensch willkommen!  <\/p>\n\n\n\n<p><\/p>\n\n\n\n<p class=\"has-text-align-left\" style=\"font-size:18px\">Die aktuelle Welt Situation stellt jeden von uns vor Herausforderungen, egal auf welche Art und Weise. Ich w\u00fcnsche Ihnen <mark style=\"background-color:rgba(0, 0, 0, 0);color:#356b3c\" class=\"has-inline-color\">in der Zeit der Wandlung, eine gute innere Mitte, viel Sonnenschein im Herzen und ein gesundes Urvertrauen.<\/mark> Viel frische Luft, gesundes Essen und der Vitamin D Haushalt unterst\u00fctzen unser K\u00f6rpersystem. Vertrauen Sie sich und unser Mutter Natur. Gesch\u00fcrte Angst nimmt uns unsere Kraft.<\/p>\n\n\n\n<figure class=\"wp-block-image size-large is-resized\"><img decoding=\"async\" src=\"https:\/\/www.verwoehnpunkt.de\/wp-content\/uploads\/2015\/03\/Verw\u00f6hnpunkt-Gem\u00e4lde1.jpg\" alt=\"\" class=\"wp-image-1198\" style=\"width:525px;height:394px\"\/><\/figure>\n\n\n\n<p class=\"has-text-align-center has-vivid-red-color has-text-color has-normal-font-size\"><\/p>\n\n\n\n<p style=\"font-size:24px\"><strong>Tipp f\u00fcr strapazierte H\u00e4nde<\/strong>&#8230;.zu viel Desinfektion l\u00e4sst die H\u00e4nde spr\u00f6de werden..<\/p>\n\n\n\n<p style=\"font-size:18px\"><\/p><p style=\"font-size:18px\"><\/p><p style=\"font-size:18px\"><\/p><p style=\"font-size:18px\"><\/p><p style=\"font-size:18px\"><\/p><p style=\"font-size:18px\"><\/p><p style=\"font-size:18px\"><\/p><p style=\"font-size:18px\"><\/p><p style=\"font-size:18px\"><\/p><p style=\"font-size:18px\"><\/p><p style=\"font-size:18px\"><\/p><p style=\"font-size:18px\"><\/p><p style=\"font-size:18px\"><\/p><p style=\"font-size:18px\"><\/p><p style=\"font-size:18px\"><\/p><p style=\"font-size:18px\"><mark style=\"background-color:rgba(0, 0, 0, 0);color:#215a1a\" class=\"has-inline-color\"><strong>Handpflege selbst gemacht<\/strong>: Vermischen Sie 3 EL Quark mit 1 EL Oliven\u00f6l und auf Wunsch ein kleiner Spritzer frische Zitrone. Die Frischemaske tragen Sie auf Ihre H\u00e4nde auf und lassen diese mit Baumwollhandschuhen \u00fcber Nacht einwirken. Am Morgen sind Ihre H\u00e4nde wieder gut gepflegt.<\/mark><\/p><div id=\"bbrpdq3kor9pd6\"><\/div>\n\n\n\n<p><\/p>\n\n\n\n<p class=\"has-text-align-left\" style=\"font-size:18px\"><\/p>\n\n\n\n<p><\/p>\n","protected":false},"excerpt":{"rendered":"<p>Bitte beachten Sie, die Verw\u00f6hnzeiten sind Juni ausgebucht. Die Wohlf\u00fchlanwendungen findet in Ruhe und Harmonie statt. F\u00fcr Gutschein Einl\u00f6sungen und Wartelisten Wunsch, melden Sie sich bitte, mit Vorlaufzeit, per Mail an bio(at)verwoehnpunkt.de oder Telefon 0340-8594110. Um Unterbrechungen im G\u00e4stetermin zu vermeiden, finden keine Vorort Vereinbarungen statt. Der Verw\u00f6hnpunkt w\u00fcnscht Ihnen ein wundervolles Jahr 2026, m\u00f6ge &#038;hellip <a class=\"read-excerpt\" href=\"https:\/\/www.verwoehnpunkt.de\/\">Continue reading <span class=\"meta-nav\">&raquo;<\/span><\/a><\/p>\n","protected":false},"author":1,"featured_media":0,"parent":0,"menu_order":0,"comment_status":"closed","ping_status":"closed","template":"","meta":{"footnotes":""},"class_list":["post-1552","page","type-page","status-publish","hentry"],"_links":{"self":[{"href":"https:\/\/www.verwoehnpunkt.de\/index.php?rest_route=\/wp\/v2\/pages\/1552","targetHints":{"allow":["GET"]}}],"collection":[{"href":"https:\/\/www.verwoehnpunkt.de\/index.php?rest_route=\/wp\/v2\/pages"}],"about":[{"href":"https:\/\/www.verwoehnpunkt.de\/index.php?rest_route=\/wp\/v2\/types\/page"}],"author":[{"embeddable":true,"href":"https:\/\/www.verwoehnpunkt.de\/index.php?rest_route=\/wp\/v2\/users\/1"}],"replies":[{"embeddable":true,"href":"https:\/\/www.verwoehnpunkt.de\/index.php?rest_route=%2Fwp%2Fv2%2Fcomments&post=1552"}],"version-history":[{"count":102,"href":"https:\/\/www.verwoehnpunkt.de\/index.php?rest_route=\/wp\/v2\/pages\/1552\/revisions"}],"predecessor-version":[{"id":46535,"href":"https:\/\/www.verwoehnpunkt.de\/index.php?rest_route=\/wp\/v2\/pages\/1552\/revisions\/46535"}],"wp:attachment":[{"href":"https:\/\/www.verwoehnpunkt.de\/index.php?rest_route=%2Fwp%2Fv2%2Fmedia&parent=1552"}],"curies":[{"name":"wp","href":"https:\/\/api.w.org\/{rel}","templated":true}]}}