{"id":1321,"date":"2016-04-18T15:32:51","date_gmt":"2016-04-18T13:32:51","guid":{"rendered":"http:\/\/www.verwoehnpunkt.de\/?page_id=1321"},"modified":"2017-06-12T15:44:32","modified_gmt":"2017-06-12T13:44:32","slug":"unserer-umwelt-zuliebe","status":"publish","type":"page","link":"https:\/\/www.verwoehnpunkt.de\/?page_id=1321","title":{"rendered":"unserer Umwelt zuliebe"},"content":{"rendered":"<p style=\"text-align: justify;\"><span style=\"color: #2e190b;\">Die B\u00f6den und Ressourcen unserer Erde werden u.a. zunehmend durch \u00fcberfl\u00fcssige Kunststoffe, Raubbau, verwendete Herbizide und synth. D\u00fcngemittel gesch\u00e4digt. Unser Lebensraum wird immer mehr zerst\u00f6rt. Tiere ver\u00e4ndern qualvoll durch Kunststoffpartikel im Magen.<\/span><\/p>\n<p style=\"text-align: justify;\"><span style=\"color: #2e190b;\">Was k\u00f6nnen wir Menschen zum Schutz unserer Umwelt tun?<\/span><\/p>\n<ul>\n<li style=\"text-align: justify;\"><span style=\"color: #2e190b;\">Verzichten Sie auf den Inhaltsstoff Aluminium in Ihrer K\u00f6rperpflege. Zum Beispiel <\/span><span style=\"color: #2e190b;\">in Deos enthalten, verhindert es die Schwei\u00dfaustretung aus der Haut, es steht in Verdacht den Krebs oder Alzheimer zu beg\u00fcnstigen. Eine Alternative sind Kr\u00e4uterdeos, wobei die Inhaltsstoffe wie Salbei schwei\u00dfhemmend wirken. Aluminium kann neben Kosmetikprodukten in Impfungen und Nahrungsmittel als Rieselhilfe enthalten sein.<\/span><\/li>\n<li style=\"text-align: justify;\"><span style=\"color: #2e190b;\">Papier oder Stoffbeutel anstatt Plastikt\u00fcten, beim Einkaufen f\u00e4llt sehr viel M\u00fcll durch Verpackungen an. Verwenden Sie keine Plastikt\u00fcten und entscheiden Sie sich f\u00fcr Produkte mit wenig Umverpackung. z. B. loses Obst statt Eingeschwei\u00dftes. Trennen Sie Ihren M\u00fcll.<\/span><\/li>\n<li style=\"text-align: justify;\"><span style=\"color: #2e190b;\">Werfen Sie keine Medikamente \u00fcber die Toilette oder das Waschbecken weg. Das hat fatale Folgen f\u00fcr unser Grundwasser. Kl\u00e4ranlagen fangen den M\u00fcll auf, jedoch Wirkstoffe von den Medikamenten nicht. Tiere und Menschen k\u00f6nnen davon Schaden nehmen.<\/span><\/li>\n<li style=\"text-align: justify;\"><span style=\"color: #2e190b;\">Strom sparen, verabschieden Sie sich vom Standby Modus bei elektrischen Ger\u00e4ten. Ziehen Sie lieber den Netzstecker oder schalten das Ger\u00e4t per Hand aus.<\/span><\/li>\n<li style=\"text-align: justify;\"><span style=\"color: #2e190b;\">Silikone und Mineral\u00f6lprodukte in Kosmetika werden oft aus Preisgr\u00fcnden von der Kosmetikindustrie verwendet anstatt hochwertig pflegende Pflanzen\u00f6le. Sie legen sich wie ein Film auf die Haut verschlie\u00dfen die Poren, Mitesser oder Ablagerungen k\u00f6nnen folgen. Mineral\u00f6le und Silikone werden sehr schwer vom K\u00f6rper und unserer Umwelt abgebaut. Manche gelten als ungesund und beeintr\u00e4chtigen vermutlich die Fruchtbarkeit und k\u00f6nnen sich in Leber und Nieren anreichern.<br \/>\n<\/span><span style=\"color: #2e190b;\">\u00a0\u00a0\u00a0\u00a0\u00a0\u00a0\u00a0\u00a0\u00a0\u00a0\u00a0\u00a0\u00a0\u00a0\u00a0\u00a0\u00a0\u00a0\u00a0\u00a0\u00a0\u00a0\u00a0\u00a0\u00a0\u00a0\u00a0\u00a0\u00a0\u00a0\u00a0\u00a0\u00a0\u00a0\u00a0\u00a0\u00a0\u00a0\u00a0\u00a0\u00a0\u00a0\u00a0\u00a0\u00a0\u00a0\u00a0\u00a0\u00a0\u00a0\u00a0\u00a0\u00a0\u00a0\u00a0\u00a0\u00a0\u00a0\u00a0\u00a0\u00a0\u00a0\u00a0\u00a0\u00a0\u00a0\u00a0\u00a0\u00a0\u00a0\u00a0\u00a0\u00a0\u00a0\u00a0\u00a0\u00a0\u00a0\u00a0\u00a0\u00a0\u00a0\u00a0\u00a0\u00a0\u00a0\u00a0\u00a0\u00a0\u00a0\u00a0\u00a0\u00a0\u00a0\u00a0\u00a0\u00a0\u00a0\u00a0\u00a0\u00a0\u00a0\u00a0\u00a0\u00a0\u00a0\u00a0\u00a0\u00a0\u00a0\u00a0\u00a0\u00a0\u00a0\u00a0\u00a0\u00a0\u00a0\u00a0\u00a0\u00a0\u00a0\u00a0\u00a0\u00a0\u00a0\u00a0\u00a0\u00a0\u00a0\u00a0\u00a0\u00a0\u00a0\u00a0\u00a0\u00a0\u00a0\u00a0\u00a0\u00a0\u00a0\u00a0\u00a0\u00a0\u00a0\u00a0\u00a0\u00a0\u00a0\u00a0\u00a0\u00a0\u00a0\u00a0\u00a0\u00a0\u00a0\u00a0\u00a0\u00a0\u00a0\u00a0\u00a0\u00a0\u00a0\u00a0\u00a0\u00a0\u00a0\u00a0\u00a0\u00a0\u00a0\u00a0\u00a0\u00a0\u00a0\u00a0\u00a0\u00a0\u00a0\u00a0\u00a0\u00a0\u00a0\u00a0\u00a0\u00a0\u00a0\u00a0\u00a0\u00a0\u00a0\u00a0\u00a0\u00a0\u00a0\u00a0\u00a0\u00a0\u00a0\u00a0\u00a0\u00a0\u00a0\u00a0\u00a0\u00a0\u00a0\u00a0\u00a0\u00a0\u00a0\u00a0\u00a0\u00a0\u00a0\u00a0\u00a0\u00a0\u00a0\u00a0\u00a0\u00a0\u00a0\u00a0\u00a0\u00a0\u00a0\u00a0\u00a0\u00a0\u00a0\u00a0\u00a0\u00a0\u00a0\u00a0\u00a0\u00a0\u00a0\u00a0\u00a0\u00a0\u00a0\u00a0\u00a0\u00a0\u00a0\u00a0\u00a0\u00a0\u00a0\u00a0\u00a0\u00a0\u00a0\u00a0\u00a0\u00a0\u00a0\u00a0\u00a0\u00a0\u00a0\u00a0\u00a0\u00a0\u00a0\u00a0\u00a0\u00a0\u00a0\u00a0\u00a0\u00a0\u00a0\u00a0\u00a0\u00a0\u00a0\u00a0\u00a0\u00a0\u00a0\u00a0\u00a0\u00a0\u00a0\u00a0\u00a0\u00a0\u00a0\u00a0\u00a0\u00a0\u00a0\u00a0\u00a0\u00a0\u00a0\u00a0\u00a0\u00a0\u00a0\u00a0\u00a0\u00a0\u00a0\u00a0\u00a0\u00a0\u00a0\u00a0\u00a0\u00a0\u00a0\u00a0\u00a0\u00a0\u00a0\u00a0\u00a0\u00a0\u00a0\u00a0\u00a0\u00a0\u00a0\u00a0\u00a0\u00a0\u00a0\u00a0\u00a0\u00a0\u00a0\u00a0\u00a0\u00a0\u00a0\u00a0\u00a0\u00a0\u00a0\u00a0\u00a0\u00a0\u00a0\u00a0\u00a0\u00a0\u00a0\u00a0\u00a0\u00a0\u00a0\u00a0\u00a0\u00a0\u00a0\u00a0\u00a0\u00a0\u00a0\u00a0\u00a0\u00a0\u00a0\u00a0\u00a0\u00a0\u00a0 <\/span><\/li>\n<\/ul>\n<p><span style=\"color: #2e190b;\">Sind Sie sich nicht sicher, ob die Stoffe in Ihren Pflegeprodukten enthalten sind? Dann schreiben Sie eine E-Mail mit dem Produktnamen, ich helfe Ihnen gern weiter.\u00a0 Die Inhaltsstoffe m\u00fcssen bei uns in Deutschland, per Gesetz auf der Verpackung oder beim beiliegenden Zettel stehen. Leider sind diese oft f\u00fcr Laien nicht verst\u00e4ndlich.<\/span><\/p>\n<p><span style=\"color: #2e190b;\">Informative Filme: &#8222;Die Akte Alumium&#8220;\u00a0 von Bert Ehgartner\u00a0 und &#8222;Plastic Planet&#8220; von Werner Boote <\/span><\/p>\n<p><strong><span style=\"color: #2e190b;\">Achten und sch\u00fctzen wir unseren Lebensraum und geben Dankbarkeit durch nachhaltiges Handeln, an unsere Umwelt, zur\u00fcck!<\/span><\/strong><\/p>\n<p><img loading=\"lazy\" decoding=\"async\" class=\"wp-image-1451 alignleft\" src=\"https:\/\/www.verwoehnpunkt.de\/wp-content\/uploads\/2016\/04\/Verw\u00f6hnpunkt-Kr\u00e4uter-1024x768.jpg\" alt=\"\" width=\"489\" height=\"367\" srcset=\"https:\/\/www.verwoehnpunkt.de\/wp-content\/uploads\/2016\/04\/Verw\u00f6hnpunkt-Kr\u00e4uter-1024x768.jpg 1024w, https:\/\/www.verwoehnpunkt.de\/wp-content\/uploads\/2016\/04\/Verw\u00f6hnpunkt-Kr\u00e4uter-300x225.jpg 300w, https:\/\/www.verwoehnpunkt.de\/wp-content\/uploads\/2016\/04\/Verw\u00f6hnpunkt-Kr\u00e4uter-768x576.jpg 768w\" sizes=\"auto, (max-width: 489px) 100vw, 489px\" \/><\/p>\n<p>&nbsp;<\/p>\n<p style=\"text-align: center;\"><span style=\"color: #2e190b;\"><br \/>\n<\/span><\/p>\n<p>&nbsp;<\/p>\n","protected":false},"excerpt":{"rendered":"<p>Die B\u00f6den und Ressourcen unserer Erde werden u.a. zunehmend durch \u00fcberfl\u00fcssige Kunststoffe, Raubbau, verwendete Herbizide und synth. D\u00fcngemittel gesch\u00e4digt. Unser Lebensraum wird immer mehr zerst\u00f6rt. Tiere ver\u00e4ndern qualvoll durch Kunststoffpartikel im Magen. Was k\u00f6nnen wir Menschen zum Schutz unserer Umwelt tun? Verzichten Sie auf den Inhaltsstoff Aluminium in Ihrer K\u00f6rperpflege. Zum Beispiel in Deos enthalten, &#038;hellip <a class=\"read-excerpt\" href=\"https:\/\/www.verwoehnpunkt.de\/?page_id=1321\">Continue reading <span class=\"meta-nav\">&raquo;<\/span><\/a><\/p>\n","protected":false},"author":1,"featured_media":0,"parent":0,"menu_order":0,"comment_status":"closed","ping_status":"closed","template":"","meta":{"footnotes":""},"class_list":["post-1321","page","type-page","status-publish","hentry"],"_links":{"self":[{"href":"https:\/\/www.verwoehnpunkt.de\/index.php?rest_route=\/wp\/v2\/pages\/1321","targetHints":{"allow":["GET"]}}],"collection":[{"href":"https:\/\/www.verwoehnpunkt.de\/index.php?rest_route=\/wp\/v2\/pages"}],"about":[{"href":"https:\/\/www.verwoehnpunkt.de\/index.php?rest_route=\/wp\/v2\/types\/page"}],"author":[{"embeddable":true,"href":"https:\/\/www.verwoehnpunkt.de\/index.php?rest_route=\/wp\/v2\/users\/1"}],"replies":[{"embeddable":true,"href":"https:\/\/www.verwoehnpunkt.de\/index.php?rest_route=%2Fwp%2Fv2%2Fcomments&post=1321"}],"version-history":[{"count":29,"href":"https:\/\/www.verwoehnpunkt.de\/index.php?rest_route=\/wp\/v2\/pages\/1321\/revisions"}],"predecessor-version":[{"id":1452,"href":"https:\/\/www.verwoehnpunkt.de\/index.php?rest_route=\/wp\/v2\/pages\/1321\/revisions\/1452"}],"wp:attachment":[{"href":"https:\/\/www.verwoehnpunkt.de\/index.php?rest_route=%2Fwp%2Fv2%2Fmedia&parent=1321"}],"curies":[{"name":"wp","href":"https:\/\/api.w.org\/{rel}","templated":true}]}}