{"id":112,"date":"2011-03-31T10:20:39","date_gmt":"2011-03-31T10:20:39","guid":{"rendered":"http:\/\/www.verwoehnpunkt.de\/?page_id=112"},"modified":"2016-03-16T15:12:16","modified_gmt":"2016-03-16T14:12:16","slug":"unsere-philosophie-2","status":"publish","type":"page","link":"https:\/\/www.verwoehnpunkt.de\/?page_id=112","title":{"rendered":"Philosophie"},"content":{"rendered":"<h2 style=\"text-align: left;\"><span style=\"color: #562f05;\">Beruf und Leidenschaft<\/span><\/h2>\n<div class=\"container-headline\">\n<p style=\"text-align: justify;\"><span style=\"color: #562f05;\">Mu\u00dfe, Sch\u00f6nheit, Kosmetik &#8211; das ist nicht einfach nur ein Beruf, sondern eine Leidenschaft.\u00a0\u00a0\u00a0\u00a0\u00a0\u00a0\u00a0\u00a0\u00a0\u00a0\u00a0\u00a0\u00a0\u00a0\u00a0\u00a0\u00a0\u00a0\u00a0\u00a0\u00a0\u00a0\u00a0\u00a0\u00a0\u00a0\u00a0\u00a0<\/span><\/p>\n<p style=\"text-align: justify;\"><span style=\"color: #562f05;\">Dabei geht weniger darum, uns nur der \u00e4u\u00dferen Sch\u00f6nheit zu widmen, sondern viel mehr darum, Ihre Balance von K\u00f6rper, Geist und Seele wiederherzustellen. Die Verbesserung Ihres Seelenzustandes liegt uns am Herzen, wir m\u00f6chten Ihnen in der heutigen hektischen Zeit ein wenig Ruhe geben. Und Sie k\u00f6nnen sicher sein: mit der St\u00e4rkung Ihrer Seele, der Herstellung Ihrer inneren Balance bl\u00fcht auch Ihre \u00e4u\u00dfere Sch\u00f6nheit weiter auf!<\/span><\/p>\n<p><img loading=\"lazy\" decoding=\"async\" class=\"size-full wp-image-1211 aligncenter\" src=\"https:\/\/www.verwoehnpunkt.de\/wp-content\/uploads\/2011\/03\/Logo-gr\u00fcn-Internetseite.jpg\" alt=\"\" width=\"472\" height=\"323\" srcset=\"https:\/\/www.verwoehnpunkt.de\/wp-content\/uploads\/2011\/03\/Logo-gr\u00fcn-Internetseite.jpg 472w, https:\/\/www.verwoehnpunkt.de\/wp-content\/uploads\/2011\/03\/Logo-gr\u00fcn-Internetseite-300x205.jpg 300w\" sizes=\"auto, (max-width: 472px) 100vw, 472px\" \/><\/p>\n<\/div>\n<div class=\"container-headline\">\n<h2><span style=\"color: #562f05;\">Nat\u00fcrlichkeit durch Naturkosmetik<\/span><\/h2>\n<\/div>\n<div class=\"container-content\">\n<p style=\"text-align: justify;\"><span style=\"color: #562f05;\">Gesundheitsbewusste und naturverbundene Menschen k\u00f6nnen im angenehmen Duft \u00e4therischer \u00d6le, fernab von Alltag und Stress, eintauchen,\u00a0 in eine Welt der Harmonie.<\/span><\/p>\n<p style=\"text-align: justify;\"><span style=\"color: #562f05;\">In der ausschlie\u00dflichen Verwendung kontrollierter Naturkosmetik, auf Wunsch auch veganer Produkte, die ohne Tierversuche auskommen und vom Europ\u00e4ischen Tierschutzbund auf einer Positivliste best\u00e4tigt worden sind, sehen wir dabei die Alternative zum Gebrauch herk\u00f6mmlicher Kosmetikprodukte.<br \/>\n<\/span><\/p>\n<h2><span style=\"color: #562f05;\">Uns und unsere Umwelt zuliebe<br \/>\n<\/span><\/h2>\n<p><span style=\"color: #562f05;\">Denken &#8211; fragen &#8211; handeln, der Preis eines Produktes ist wenigstens immer so hoch wie die Summe der Preise seiner Inhaltsstoffe. Im Preis enthalten ist auch schon der Gewinn, den der maximalgewinnorientierte &#8211; oft b\u00f6rsennotierte &#8211; Hersteller sich zurechnet.<\/span><\/p>\n<p style=\"text-align: justify;\"><span style=\"color: #562f05;\">Wenn man dies bedenkt, muss man sich fragen, wie billig, ja minderwertig die Inhaltsstoffe sein m\u00fcssen, die man sich mit gro\u00dftechnisch hergestellten Kosmetika auf die Haut geschmiert hat. Und auch, auf wessen R\u00fccken der Kampf um Maximalgewinn und niedrigste Preise ausgetragen wird:<\/span><\/p>\n<p style=\"text-align: justify;\"><span style=\"color: #562f05;\">Der ganze Wahnsinn wird auf dem R\u00fccken unserer geschundenen Erde (Rohstoffgewinnung oft in Drittweltl\u00e4ndern ohne jegliche Umweltschutzauflagen), der armen Kreatur (Tierversuche, Rohstoffgewinnung aus Nutzvieh-Kadavern und Schlachtabf\u00e4llen wie Knochen, Tierh\u00e4uten, Fetten) und Ihnen als &#8222;Verbraucher&#8220; ausgetragen!<\/span><\/p>\n<p style=\"text-align: justify;\"><span style=\"color: #008000;\">Der &#8211; leider allgemein\u00fcbliche &#8211; Begriff &#8222;Verbraucher&#8220; sagt doch schon alles aus: Sie sollen verbrauchen. Und dabei verbrauchen Sie unter Umst\u00e4nden Ihre eigene Gesundheit. Denn nicht wenige Inhaltsstoffe in \u00fcblichen Kosmetika und K\u00f6rperpflegemitteln tragen den Verdacht, giftig oder Krebs erregend zu sein.<\/span><\/p>\n<p style=\"text-align: justify;\"><span style=\"color: #562f05;\">Wachen Sie auf! Tierleichen und giftige Stoffe geh\u00f6ren nicht in und nicht auf Ihre Haut! Handeln Sie und treffen Sie f\u00fcr sich und das Leben die richtigen Entscheidungen!<\/span><\/p>\n<\/div>\n","protected":false},"excerpt":{"rendered":"<p>Beruf und Leidenschaft Mu\u00dfe, Sch\u00f6nheit, Kosmetik &#8211; das ist nicht einfach nur ein Beruf, sondern eine Leidenschaft.\u00a0\u00a0\u00a0\u00a0\u00a0\u00a0\u00a0\u00a0\u00a0\u00a0\u00a0\u00a0\u00a0\u00a0\u00a0\u00a0\u00a0\u00a0\u00a0\u00a0\u00a0\u00a0\u00a0\u00a0\u00a0\u00a0\u00a0\u00a0 Dabei geht weniger darum, uns nur der \u00e4u\u00dferen Sch\u00f6nheit zu widmen, sondern viel mehr darum, Ihre Balance von K\u00f6rper, Geist und Seele wiederherzustellen. Die Verbesserung Ihres Seelenzustandes liegt uns am Herzen, wir m\u00f6chten Ihnen in der heutigen hektischen &#038;hellip <a class=\"read-excerpt\" href=\"https:\/\/www.verwoehnpunkt.de\/?page_id=112\">Continue reading <span class=\"meta-nav\">&raquo;<\/span><\/a><\/p>\n","protected":false},"author":1,"featured_media":0,"parent":0,"menu_order":5,"comment_status":"open","ping_status":"open","template":"","meta":{"footnotes":""},"class_list":["post-112","page","type-page","status-publish","hentry"],"_links":{"self":[{"href":"https:\/\/www.verwoehnpunkt.de\/index.php?rest_route=\/wp\/v2\/pages\/112","targetHints":{"allow":["GET"]}}],"collection":[{"href":"https:\/\/www.verwoehnpunkt.de\/index.php?rest_route=\/wp\/v2\/pages"}],"about":[{"href":"https:\/\/www.verwoehnpunkt.de\/index.php?rest_route=\/wp\/v2\/types\/page"}],"author":[{"embeddable":true,"href":"https:\/\/www.verwoehnpunkt.de\/index.php?rest_route=\/wp\/v2\/users\/1"}],"replies":[{"embeddable":true,"href":"https:\/\/www.verwoehnpunkt.de\/index.php?rest_route=%2Fwp%2Fv2%2Fcomments&post=112"}],"version-history":[{"count":63,"href":"https:\/\/www.verwoehnpunkt.de\/index.php?rest_route=\/wp\/v2\/pages\/112\/revisions"}],"predecessor-version":[{"id":1316,"href":"https:\/\/www.verwoehnpunkt.de\/index.php?rest_route=\/wp\/v2\/pages\/112\/revisions\/1316"}],"wp:attachment":[{"href":"https:\/\/www.verwoehnpunkt.de\/index.php?rest_route=%2Fwp%2Fv2%2Fmedia&parent=112"}],"curies":[{"name":"wp","href":"https:\/\/api.w.org\/{rel}","templated":true}]}}