{"id":10,"date":"2011-03-29T14:56:09","date_gmt":"2011-03-29T14:56:09","guid":{"rendered":"http:\/\/www.verwoehnpunkt.de\/?page_id=10"},"modified":"2023-06-28T11:53:41","modified_gmt":"2023-06-28T09:53:41","slug":"aus-der-presse","status":"publish","type":"page","link":"https:\/\/www.verwoehnpunkt.de\/?page_id=10","title":{"rendered":"aus der Presse"},"content":{"rendered":"<p><strong><span style=\"color: #562f05;\">So berichtet die Presse \u00fcber den &#8222;VERW\u00d6HNPUNKT&#8220;:<\/span><\/strong><\/p>\n<p><a href=\"https:\/\/www.verwoehnpunkt.de\/wp-content\/uploads\/2023\/06\/MZ-Artikel-von-Juni-2023.pdf\">Mitteldeutsche Zeitung Juni 2023<\/a><\/p>\n<p><a href=\"https:\/\/www.verwoehnpunkt.de\/wp-content\/uploads\/2018\/06\/Wochenspiegel-2018.pdf\">Wochenspiegel Hobby ABC\u00a0(2018)<\/a><\/p>\n<p><a href=\"https:\/\/www.verwoehnpunkt.de\/wp-content\/uploads\/2014\/03\/Bio-in-Dessau.pdf\">Zeitschrift Schrot &amp; Korn, Bioreisetipps f\u00fcr Dessau-Ro\u00dflau (Februar 2014)<\/a><\/p>\n<p><span style=\"color: #562f05;\"><a href=\"https:\/\/www.verwoehnpunkt.de\/wp-content\/uploads\/2014\/02\/Radio-Brocken-Expertenantwort.mp3\">Radio Brocken, die Expertenantwort <\/a><\/span><span style=\"color: #562f05;\"><a href=\"https:\/\/www.verwoehnpunkt.de\/wp-content\/uploads\/2014\/02\/Radio-Brocken-Expertenantwort.mp3\"><span style=\"color: #562f05;\">&#8222;Eine Frage eine Antwort, von Experten&#8220; (Oktober 2012)<\/span><\/a><br \/>\n<\/span><\/p>\n<p><span style=\"color: #562f05;\"><a href=\"https:\/\/www.verwoehnpunkt.de\/wp-content\/uploads\/2011\/03\/Brautmagazin.pdf\"><span style=\"color: #562f05;\">Brautmagazin (August 2011)<\/span><\/a><\/span><\/p>\n<p><span style=\"color: #562f05;\"><a href=\"https:\/\/www.verwoehnpunkt.de\/extras\/DSH-LG-Zuchtschau.pdf\" target=\"_blank\" rel=\"noopener\"><span style=\"color: #562f05;\">Infoheft der Ortsgruppe M\u00f6hlau des Vereins f\u00fcr Deutsche Sch\u00e4ferhunde SV e.V. <small>(Juli 2010)<\/small><\/span><\/a><\/span><\/p>\n<p><span style=\"color: #562f05;\"><a href=\"https:\/\/www.verwoehnpunkt.de\/extras\/gewinnerds.pdf\" target=\"_blank\" rel=\"noopener\"><span style=\"color: #562f05;\">SuperSonntag <small>(Februar 2009)<\/small><\/span><\/a><\/span><\/p>\n<p><span style=\"color: #562f05;\"><a href=\"https:\/\/www.verwoehnpunkt.de\/extras\/naumann.pdf\" target=\"_blank\" rel=\"noopener\"><span style=\"color: #562f05;\">SuperSonntag <small>(Juli 2008)<\/small><\/span><\/a><\/span><\/p>\n<p><span style=\"color: #562f05;\"><a href=\"https:\/\/www.verwoehnpunkt.de\/wp-content\/uploads\/2016\/04\/MZ-Artikel-Er\u00f6ffnung-Verw\u00f6hnpunkt.pdf\" target=\"_blank\" rel=\"noopener\"><span style=\"color: #562f05;\">Mitteldeutsche Zeitung <small>(Juni 2008)<\/small><\/span><\/a><\/span><\/p>\n<p><span style=\"color: #562f05;\"><a href=\"http:\/\/www.dessau-rosslau.de\/Publications\/676\/_dessau_22_08_gesamt.pdf\" target=\"_blank\" rel=\"noopener\"><span style=\"color: #562f05;\">Amtsblatt Dessau-Ro\u00dflau <small>(Juni 2008, dort auf Seite 14)<\/small><\/span><\/a><\/span><\/p>\n","protected":false},"excerpt":{"rendered":"<p>So berichtet die Presse \u00fcber den &#8222;VERW\u00d6HNPUNKT&#8220;: Mitteldeutsche Zeitung Juni 2023 Wochenspiegel Hobby ABC\u00a0(2018) Zeitschrift Schrot &amp; Korn, Bioreisetipps f\u00fcr Dessau-Ro\u00dflau (Februar 2014) Radio Brocken, die Expertenantwort &#8222;Eine Frage eine Antwort, von Experten&#8220; (Oktober 2012) Brautmagazin (August 2011) Infoheft der Ortsgruppe M\u00f6hlau des Vereins f\u00fcr Deutsche Sch\u00e4ferhunde SV e.V. (Juli 2010) SuperSonntag (Februar 2009) SuperSonntag &#038;hellip <a class=\"read-excerpt\" href=\"https:\/\/www.verwoehnpunkt.de\/?page_id=10\">Continue reading <span class=\"meta-nav\">&raquo;<\/span><\/a><\/p>\n","protected":false},"author":1,"featured_media":0,"parent":0,"menu_order":0,"comment_status":"open","ping_status":"open","template":"","meta":{"footnotes":""},"class_list":["post-10","page","type-page","status-publish","hentry"],"_links":{"self":[{"href":"https:\/\/www.verwoehnpunkt.de\/index.php?rest_route=\/wp\/v2\/pages\/10","targetHints":{"allow":["GET"]}}],"collection":[{"href":"https:\/\/www.verwoehnpunkt.de\/index.php?rest_route=\/wp\/v2\/pages"}],"about":[{"href":"https:\/\/www.verwoehnpunkt.de\/index.php?rest_route=\/wp\/v2\/types\/page"}],"author":[{"embeddable":true,"href":"https:\/\/www.verwoehnpunkt.de\/index.php?rest_route=\/wp\/v2\/users\/1"}],"replies":[{"embeddable":true,"href":"https:\/\/www.verwoehnpunkt.de\/index.php?rest_route=%2Fwp%2Fv2%2Fcomments&post=10"}],"version-history":[{"count":45,"href":"https:\/\/www.verwoehnpunkt.de\/index.php?rest_route=\/wp\/v2\/pages\/10\/revisions"}],"predecessor-version":[{"id":1799,"href":"https:\/\/www.verwoehnpunkt.de\/index.php?rest_route=\/wp\/v2\/pages\/10\/revisions\/1799"}],"wp:attachment":[{"href":"https:\/\/www.verwoehnpunkt.de\/index.php?rest_route=%2Fwp%2Fv2%2Fmedia&parent=10"}],"curies":[{"name":"wp","href":"https:\/\/api.w.org\/{rel}","templated":true}]}}